{"id":3597,"date":"2022-04-18T16:15:09","date_gmt":"2022-04-18T14:15:09","guid":{"rendered":"https:\/\/www.charmingc.ch\/?post_type=product&#038;p=3597"},"modified":"2025-03-09T21:42:47","modified_gmt":"2025-03-09T20:42:47","slug":"premium-unisex-charmingc-t-shirt","status":"publish","type":"product","link":"https:\/\/www.charmingc.ch\/en\/shop\/merchandise\/premium-unisex-charmingc-t-shirt\/","title":{"rendered":"Premium Unisex CharmingC T-Shirt"},"content":{"rendered":"<p>The standard for quality unisex t-shirts. A popular favorite with a crew neck, short sleeves and made from high quality combed ring-spun cotton that lends itself to printing.<\/p>\n<div>Features: side seam. Silm Fit. Unisex size. shoulder strap. Pre-shrunk fabric.<\/div>\n<p><strong>Size guide<\/strong><\/p>\n<table>\n<tbody>\n<tr>\n<td>&nbsp;<\/td>\n<td><strong>S<\/strong><\/td>\n<td><strong>M<\/strong><\/td>\n<td><strong>L<\/strong><\/td>\n<td><strong>XL<\/strong><\/td>\n<td><strong>2XL<\/strong><\/td>\n<td><strong>3XL<\/strong><\/td>\n<\/tr>\n<tr>\n<td><strong>Length (cm)<\/strong><\/td>\n<td>71.12<\/td>\n<td>73.66<\/td>\n<td>76.20<\/td>\n<td>78.74<\/td>\n<td>81.28<\/td>\n<td>83.82<\/td>\n<\/tr>\n<tr>\n<td><strong>B) Half Chest (cm)<\/strong><\/td>\n<td>45.72<\/td>\n<td>50.80<\/td>\n<td>55.88<\/td>\n<td>60.96<\/td>\n<td>66.04<\/td>\n<td>71.12<\/td>\n<\/tr>\n<\/tbody>\n<\/table>\n<table>\n<tbody>\n<tr>\n<td><\/td>\n<td><\/td>\n<td><\/td>\n<td><\/td>\n<td><\/td>\n<td><\/td>\n<td><\/td>\n<\/tr>\n<\/tbody>\n<\/table>\n","protected":false},"excerpt":{"rendered":"<p>The standard for quality unisex t-shirts. A popular favorite with a crew neck, short sleeves and made from high quality combed ring-spun cotton that lends itself to printing.<\/p>\n<div>Features: side seam. Silm Fit. Unisex size. shoulder strap. Pre-shrunk fabric.<\/p>\n","protected":false},"featured_media":4351,"comment_status":"open","ping_status":"closed","template":"","meta":{"_et_pb_use_builder":"","_et_pb_old_content":"","_et_gb_content_width":""},"product_brand":[],"product_cat":[36],"product_tag":[46,48,47,49],"class_list":{"0":"post-3597","1":"product","2":"type-product","3":"status-publish","4":"has-post-thumbnail","6":"product_cat-merchandise","7":"product_tag-merchandise","8":"product_tag-premium","9":"product_tag-shirt","10":"product_tag-showyourflag","12":"first","13":"instock","14":"taxable","15":"shipping-taxable","16":"purchasable","17":"product-type-variable","18":"has-default-attributes"},"yoast_head":"<!-- This site is optimized with the Yoast SEO plugin v26.9 - https:\/\/yoast.com\/product\/yoast-seo-wordpress\/ -->\n<title>Premium Unisex CharmingC T-Shirt - CharmingC - Bio CBD \u00d6l aus der Schweiz | Natural Wellness<\/title>\n<meta name=\"description\" content=\"Bio CBD \u00d6l 10% Full Spectrum in MCT \u00d6l. Schweizer Qualit\u00e4t f\u00fcr Entspannung, Schlaf &amp; Wohlbefinden. Jetzt kaufen - CHF 39.90 | Gratis Versand\" \/>\n<meta name=\"robots\" content=\"index, follow, max-snippet:-1, max-image-preview:large, max-video-preview:-1\" \/>\n<link rel=\"canonical\" href=\"https:\/\/www.charmingc.ch\/shop\/merchandise\/premium-unisex-charmingc-t-shirt\/\" \/>\n<meta property=\"og:locale\" content=\"en_US\" \/>\n<meta property=\"og:type\" content=\"article\" \/>\n<meta property=\"og:title\" content=\"Premium Unisex CharmingC T-Shirt - CharmingC - Bio CBD \u00d6l aus der Schweiz | Natural Wellness\" \/>\n<meta property=\"og:description\" content=\"Bio CBD \u00d6l 10% Full Spectrum in MCT \u00d6l. Schweizer Qualit\u00e4t f\u00fcr Entspannung, Schlaf &amp; Wohlbefinden. Jetzt kaufen - CHF 39.90 | Gratis Versand\" \/>\n<meta property=\"og:url\" content=\"https:\/\/www.charmingc.ch\/shop\/merchandise\/premium-unisex-charmingc-t-shirt\/\" \/>\n<meta property=\"og:site_name\" content=\"CharmingC - Bio CBD \u00d6l aus der Schweiz | Natural Wellness\" \/>\n<meta property=\"article:publisher\" content=\"https:\/\/web.facebook.com\/CharmingC-101024288710328\" \/>\n<meta property=\"article:modified_time\" content=\"2025-03-09T20:42:47+00:00\" \/>\n<meta property=\"og:image\" content=\"https:\/\/i0.wp.com\/www.charmingc.ch\/wp-content\/uploads\/2022\/04\/CharmingC-Shirt_Men.jpg?fit=600%2C600&ssl=1\" \/>\n\t<meta property=\"og:image:width\" content=\"600\" \/>\n\t<meta property=\"og:image:height\" content=\"600\" \/>\n\t<meta property=\"og:image:type\" content=\"image\/jpeg\" \/>\n<meta name=\"twitter:card\" content=\"summary_large_image\" \/>\n<meta name=\"twitter:site\" content=\"@_CharmingC_\" \/>\n<script type=\"application\/ld+json\" class=\"yoast-schema-graph\">{\"@context\":\"https:\/\/schema.org\",\"@graph\":[{\"@type\":\"WebPage\",\"@id\":\"https:\/\/www.charmingc.ch\/shop\/merchandise\/premium-unisex-charmingc-t-shirt\/\",\"url\":\"https:\/\/www.charmingc.ch\/shop\/merchandise\/premium-unisex-charmingc-t-shirt\/\",\"name\":\"Premium Unisex CharmingC T-Shirt - CharmingC - Bio CBD \u00d6l aus der Schweiz | Natural Wellness\",\"isPartOf\":{\"@id\":\"https:\/\/www.charmingc.ch\/#website\"},\"primaryImageOfPage\":{\"@id\":\"https:\/\/www.charmingc.ch\/shop\/merchandise\/premium-unisex-charmingc-t-shirt\/#primaryimage\"},\"image\":{\"@id\":\"https:\/\/www.charmingc.ch\/shop\/merchandise\/premium-unisex-charmingc-t-shirt\/#primaryimage\"},\"thumbnailUrl\":\"https:\/\/www.charmingc.ch\/wp-content\/uploads\/2022\/04\/CharmingC-Shirt_Men.jpg\",\"datePublished\":\"2022-04-18T14:15:09+00:00\",\"dateModified\":\"2025-03-09T20:42:47+00:00\",\"description\":\"Bio CBD \u00d6l 10% Full Spectrum in MCT \u00d6l. Schweizer Qualit\u00e4t f\u00fcr Entspannung, Schlaf & Wohlbefinden. Jetzt kaufen - CHF 39.90 | Gratis Versand\",\"breadcrumb\":{\"@id\":\"https:\/\/www.charmingc.ch\/shop\/merchandise\/premium-unisex-charmingc-t-shirt\/#breadcrumb\"},\"inLanguage\":\"en-US\",\"potentialAction\":[{\"@type\":\"ReadAction\",\"target\":[\"https:\/\/www.charmingc.ch\/shop\/merchandise\/premium-unisex-charmingc-t-shirt\/\"]}]},{\"@type\":\"ImageObject\",\"inLanguage\":\"en-US\",\"@id\":\"https:\/\/www.charmingc.ch\/shop\/merchandise\/premium-unisex-charmingc-t-shirt\/#primaryimage\",\"url\":\"https:\/\/www.charmingc.ch\/wp-content\/uploads\/2022\/04\/CharmingC-Shirt_Men.jpg\",\"contentUrl\":\"https:\/\/www.charmingc.ch\/wp-content\/uploads\/2022\/04\/CharmingC-Shirt_Men.jpg\",\"width\":600,\"height\":600},{\"@type\":\"BreadcrumbList\",\"@id\":\"https:\/\/www.charmingc.ch\/shop\/merchandise\/premium-unisex-charmingc-t-shirt\/#breadcrumb\",\"itemListElement\":[{\"@type\":\"ListItem\",\"position\":1,\"name\":\"Home\",\"item\":\"https:\/\/www.charmingc.ch\/\"},{\"@type\":\"ListItem\",\"position\":2,\"name\":\"Shop\",\"item\":\"https:\/\/www.charmingc.ch\/shop\/\"},{\"@type\":\"ListItem\",\"position\":3,\"name\":\"Premium Unisex CharmingC T-Shirt\"}]},{\"@type\":\"WebSite\",\"@id\":\"https:\/\/www.charmingc.ch\/#website\",\"url\":\"https:\/\/www.charmingc.ch\/\",\"name\":\"CharmingC CBD\",\"description\":\"CBD \u00d6l 10% kaufen - Bio Full Spectrum | CharmingC Schweiz\",\"publisher\":{\"@id\":\"https:\/\/www.charmingc.ch\/#organization\"},\"potentialAction\":[{\"@type\":\"SearchAction\",\"target\":{\"@type\":\"EntryPoint\",\"urlTemplate\":\"https:\/\/www.charmingc.ch\/?s={search_term_string}\"},\"query-input\":{\"@type\":\"PropertyValueSpecification\",\"valueRequired\":true,\"valueName\":\"search_term_string\"}}],\"inLanguage\":\"en-US\"},{\"@type\":\"Organization\",\"@id\":\"https:\/\/www.charmingc.ch\/#organization\",\"name\":\"CharmingC\",\"url\":\"https:\/\/www.charmingc.ch\/\",\"logo\":{\"@type\":\"ImageObject\",\"inLanguage\":\"en-US\",\"@id\":\"https:\/\/www.charmingc.ch\/#\/schema\/logo\/image\/\",\"url\":\"https:\/\/www.charmingc.ch\/wp-content\/uploads\/2021\/03\/CCLogo_Gold.png\",\"contentUrl\":\"https:\/\/www.charmingc.ch\/wp-content\/uploads\/2021\/03\/CCLogo_Gold.png\",\"width\":1200,\"height\":1100,\"caption\":\"CharmingC\"},\"image\":{\"@id\":\"https:\/\/www.charmingc.ch\/#\/schema\/logo\/image\/\"},\"sameAs\":[\"https:\/\/web.facebook.com\/CharmingC-101024288710328\",\"https:\/\/x.com\/_CharmingC_\",\"https:\/\/www.instagram.com\/_charmingc_\/\",\"https:\/\/www.tiktok.com\/@charmingc.ch\"]}]}<\/script>\n<!-- \/ Yoast SEO plugin. -->","yoast_head_json":{"title":"Premium Unisex CharmingC T-Shirt - CharmingC - Bio CBD \u00d6l aus der Schweiz | Natural Wellness","description":"Bio CBD \u00d6l 10% Full Spectrum in MCT \u00d6l. Schweizer Qualit\u00e4t f\u00fcr Entspannung, Schlaf & Wohlbefinden. Jetzt kaufen - CHF 39.90 | Gratis Versand","robots":{"index":"index","follow":"follow","max-snippet":"max-snippet:-1","max-image-preview":"max-image-preview:large","max-video-preview":"max-video-preview:-1"},"canonical":"https:\/\/www.charmingc.ch\/shop\/merchandise\/premium-unisex-charmingc-t-shirt\/","og_locale":"en_US","og_type":"article","og_title":"Premium Unisex CharmingC T-Shirt - CharmingC - Bio CBD \u00d6l aus der Schweiz | Natural Wellness","og_description":"Bio CBD \u00d6l 10% Full Spectrum in MCT \u00d6l. Schweizer Qualit\u00e4t f\u00fcr Entspannung, Schlaf & Wohlbefinden. Jetzt kaufen - CHF 39.90 | Gratis Versand","og_url":"https:\/\/www.charmingc.ch\/shop\/merchandise\/premium-unisex-charmingc-t-shirt\/","og_site_name":"CharmingC - Bio CBD \u00d6l aus der Schweiz | Natural Wellness","article_publisher":"https:\/\/web.facebook.com\/CharmingC-101024288710328","article_modified_time":"2025-03-09T20:42:47+00:00","og_image":[{"width":600,"height":600,"url":"https:\/\/i0.wp.com\/www.charmingc.ch\/wp-content\/uploads\/2022\/04\/CharmingC-Shirt_Men.jpg?fit=600%2C600&ssl=1","type":"image\/jpeg"}],"twitter_card":"summary_large_image","twitter_site":"@_CharmingC_","schema":{"@context":"https:\/\/schema.org","@graph":[{"@type":"WebPage","@id":"https:\/\/www.charmingc.ch\/shop\/merchandise\/premium-unisex-charmingc-t-shirt\/","url":"https:\/\/www.charmingc.ch\/shop\/merchandise\/premium-unisex-charmingc-t-shirt\/","name":"Premium Unisex CharmingC T-Shirt - CharmingC - Bio CBD \u00d6l aus der Schweiz | Natural Wellness","isPartOf":{"@id":"https:\/\/www.charmingc.ch\/#website"},"primaryImageOfPage":{"@id":"https:\/\/www.charmingc.ch\/shop\/merchandise\/premium-unisex-charmingc-t-shirt\/#primaryimage"},"image":{"@id":"https:\/\/www.charmingc.ch\/shop\/merchandise\/premium-unisex-charmingc-t-shirt\/#primaryimage"},"thumbnailUrl":"https:\/\/www.charmingc.ch\/wp-content\/uploads\/2022\/04\/CharmingC-Shirt_Men.jpg","datePublished":"2022-04-18T14:15:09+00:00","dateModified":"2025-03-09T20:42:47+00:00","description":"Bio CBD \u00d6l 10% Full Spectrum in MCT \u00d6l. Schweizer Qualit\u00e4t f\u00fcr Entspannung, Schlaf & Wohlbefinden. Jetzt kaufen - CHF 39.90 | Gratis Versand","breadcrumb":{"@id":"https:\/\/www.charmingc.ch\/shop\/merchandise\/premium-unisex-charmingc-t-shirt\/#breadcrumb"},"inLanguage":"en-US","potentialAction":[{"@type":"ReadAction","target":["https:\/\/www.charmingc.ch\/shop\/merchandise\/premium-unisex-charmingc-t-shirt\/"]}]},{"@type":"ImageObject","inLanguage":"en-US","@id":"https:\/\/www.charmingc.ch\/shop\/merchandise\/premium-unisex-charmingc-t-shirt\/#primaryimage","url":"https:\/\/www.charmingc.ch\/wp-content\/uploads\/2022\/04\/CharmingC-Shirt_Men.jpg","contentUrl":"https:\/\/www.charmingc.ch\/wp-content\/uploads\/2022\/04\/CharmingC-Shirt_Men.jpg","width":600,"height":600},{"@type":"BreadcrumbList","@id":"https:\/\/www.charmingc.ch\/shop\/merchandise\/premium-unisex-charmingc-t-shirt\/#breadcrumb","itemListElement":[{"@type":"ListItem","position":1,"name":"Home","item":"https:\/\/www.charmingc.ch\/"},{"@type":"ListItem","position":2,"name":"Shop","item":"https:\/\/www.charmingc.ch\/shop\/"},{"@type":"ListItem","position":3,"name":"Premium Unisex CharmingC T-Shirt"}]},{"@type":"WebSite","@id":"https:\/\/www.charmingc.ch\/#website","url":"https:\/\/www.charmingc.ch\/","name":"CharmingC CBD","description":"CBD \u00d6l 10% kaufen - Bio Full Spectrum | CharmingC Schweiz","publisher":{"@id":"https:\/\/www.charmingc.ch\/#organization"},"potentialAction":[{"@type":"SearchAction","target":{"@type":"EntryPoint","urlTemplate":"https:\/\/www.charmingc.ch\/?s={search_term_string}"},"query-input":{"@type":"PropertyValueSpecification","valueRequired":true,"valueName":"search_term_string"}}],"inLanguage":"en-US"},{"@type":"Organization","@id":"https:\/\/www.charmingc.ch\/#organization","name":"CharmingC","url":"https:\/\/www.charmingc.ch\/","logo":{"@type":"ImageObject","inLanguage":"en-US","@id":"https:\/\/www.charmingc.ch\/#\/schema\/logo\/image\/","url":"https:\/\/www.charmingc.ch\/wp-content\/uploads\/2021\/03\/CCLogo_Gold.png","contentUrl":"https:\/\/www.charmingc.ch\/wp-content\/uploads\/2021\/03\/CCLogo_Gold.png","width":1200,"height":1100,"caption":"CharmingC"},"image":{"@id":"https:\/\/www.charmingc.ch\/#\/schema\/logo\/image\/"},"sameAs":["https:\/\/web.facebook.com\/CharmingC-101024288710328","https:\/\/x.com\/_CharmingC_","https:\/\/www.instagram.com\/_charmingc_\/","https:\/\/www.tiktok.com\/@charmingc.ch"]}]}},"_links":{"self":[{"href":"https:\/\/www.charmingc.ch\/en\/wp-json\/wp\/v2\/product\/3597","targetHints":{"allow":["GET"]}}],"collection":[{"href":"https:\/\/www.charmingc.ch\/en\/wp-json\/wp\/v2\/product"}],"about":[{"href":"https:\/\/www.charmingc.ch\/en\/wp-json\/wp\/v2\/types\/product"}],"replies":[{"embeddable":true,"href":"https:\/\/www.charmingc.ch\/en\/wp-json\/wp\/v2\/comments?post=3597"}],"wp:featuredmedia":[{"embeddable":true,"href":"https:\/\/www.charmingc.ch\/en\/wp-json\/wp\/v2\/media\/4351"}],"wp:attachment":[{"href":"https:\/\/www.charmingc.ch\/en\/wp-json\/wp\/v2\/media?parent=3597"}],"wp:term":[{"taxonomy":"product_brand","embeddable":true,"href":"https:\/\/www.charmingc.ch\/en\/wp-json\/wp\/v2\/product_brand?post=3597"},{"taxonomy":"product_cat","embeddable":true,"href":"https:\/\/www.charmingc.ch\/en\/wp-json\/wp\/v2\/product_cat?post=3597"},{"taxonomy":"product_tag","embeddable":true,"href":"https:\/\/www.charmingc.ch\/en\/wp-json\/wp\/v2\/product_tag?post=3597"}],"curies":[{"name":"wp","href":"https:\/\/api.w.org\/{rel}","templated":true}]}}