{"id":4131,"date":"2021-06-21T21:10:38","date_gmt":"2021-06-21T19:10:38","guid":{"rendered":"https:\/\/www.charmingc.ch\/modalites-et-conditions\/"},"modified":"2022-11-19T22:30:11","modified_gmt":"2022-11-19T21:30:11","slug":"modalites-et-conditions","status":"publish","type":"page","link":"https:\/\/www.charmingc.ch\/fr\/modalites-et-conditions\/","title":{"rendered":"Modalit\u00e9s et conditions"},"content":{"rendered":"<p>[et_pb_section fb_built=\u00a0\u00bb1&Prime; admin_label=\u00a0\u00bbShop\u00a0\u00bb _builder_version=\u00a0\u00bb4.9.7&Prime; _module_preset=\u00a0\u00bbf9f1f29b-4cab-4904-ab33-6199952aa8c1&Prime; background_color=\u00a0\u00bb#FFFFFF\u00a0\u00bb background_enable_image=\u00a0\u00bboff\u00a0\u00bb width=\u00a0\u00bb100%\u00a0\u00bb custom_margin=\u00a0\u00bb|0%||0%|false|false\u00a0\u00bb custom_padding=\u00a0\u00bb60px|0px|0px||false|false\u00a0\u00bb hover_enabled=\u00a0\u00bb0&Prime; sticky_enabled=\u00a0\u00bb0&Prime;][et_pb_row column_structure=\u00a0\u00bb1_4,1_2,1_4&Prime; use_custom_gutter=\u00a0\u00bbon\u00a0\u00bb gutter_width=\u00a0\u00bb1&Prime; make_equal=\u00a0\u00bbon\u00a0\u00bb padding_top_bottom_link_3=\u00a0\u00bbtrue\u00a0\u00bb padding_top_bottom_link_4=\u00a0\u00bbtrue\u00a0\u00bb padding_left_right_link_3=\u00a0\u00bbtrue\u00a0\u00bb padding_left_right_link_4=\u00a0\u00bbtrue\u00a0\u00bb module_class=\u00a0\u00bb et_pb_row_fullwidth\u00a0\u00bb _builder_version=\u00a0\u00bb4.9.7&Prime; width=\u00a0\u00bb100%\u00a0\u00bb width_tablet=\u00a0\u00bb100%\u00a0\u00bb width_phone=\u00a0\u00bb\u00a0\u00bb width_last_edited=\u00a0\u00bbon|desktop\u00a0\u00bb max_width=\u00a0\u00bb100%\u00a0\u00bb max_width_tablet=\u00a0\u00bb100%\u00a0\u00bb max_width_phone=\u00a0\u00bb\u00a0\u00bb max_width_last_edited=\u00a0\u00bbon|desktop\u00a0\u00bb module_alignment=\u00a0\u00bbright\u00a0\u00bb min_height=\u00a0\u00bb157px\u00a0\u00bb custom_margin=\u00a0\u00bb-18px|auto|-26px|auto||\u00a0\u00bb custom_padding=\u00a0\u00bb2px||2px||true|\u00a0\u00bb animation_style=\u00a0\u00bbslide\u00a0\u00bb animation_direction=\u00a0\u00bbbottom\u00a0\u00bb animation_intensity_slide=\u00a0\u00bb10%\u00a0\u00bb hover_enabled=\u00a0\u00bb0&Prime; make_fullwidth=\u00a0\u00bbon\u00a0\u00bb sticky_enabled=\u00a0\u00bb0&Prime;][et_pb_column type=\u00a0\u00bb1_4&Prime; _builder_version=\u00a0\u00bb3.25&Prime; custom_padding=\u00a0\u00bb|||\u00a0\u00bb custom_padding__hover=\u00a0\u00bb|||\u00a0\u00bb][\/et_pb_column][et_pb_column type=\u00a0\u00bb1_2&Prime; _builder_version=\u00a0\u00bb3.25&Prime; custom_padding=\u00a0\u00bb|||\u00a0\u00bb custom_padding__hover=\u00a0\u00bb|||\u00a0\u00bb][et_pb_text _builder_version=\u00a0\u00bb4.9.2&Prime; _module_preset=\u00a0\u00bbdefault\u00a0\u00bb text_font=\u00a0\u00bb||||||||\u00a0\u00bb header_font_size=\u00a0\u00bb50px\u00a0\u00bb header_letter_spacing=\u00a0\u00bb2px\u00a0\u00bb header_text_shadow_style=\u00a0\u00bbpreset2&Prime;]<\/p>\n<h1>Conditions g\u00e9n\u00e9rales d&rsquo;utilisation<\/h1>\n<h4>CharmingC<\/h4>\n<p>[\/et_pb_text][et_pb_text _builder_version=\u00a0\u00bb4.9.7&Prime; _module_preset=\u00a0\u00bbdefault\u00a0\u00bb text_font_size=\u00a0\u00bb18px\u00a0\u00bb text_letter_spacing=\u00a0\u00bb1px\u00a0\u00bb text_line_height=\u00a0\u00bb1.9em\u00a0\u00bb text_orientation=\u00a0\u00bbjustified\u00a0\u00bb width=\u00a0\u00bb100%\u00a0\u00bb min_height=\u00a0\u00bb550px\u00a0\u00bb custom_margin=\u00a0\u00bb50px||80px|||\u00a0\u00bb custom_padding=\u00a0\u00bb||0px|||\u00a0\u00bb]<\/p>\n<p>Notre objectif est de toujours vous servir \u00e0 votre enti\u00e8re satisfaction. Cela inclut, entre autres, nos conditions \u00e9quitables. Veuillez lire attentivement les informations suivantes : Les transactions commerciales (offres, livraisons, services, etc.) avec Charming Group GmbH sont exclusivement bas\u00e9es sur les pr\u00e9sentes conditions g\u00e9n\u00e9rales. Lorsque les marchandises sont command\u00e9es, les pr\u00e9sentes conditions sont consid\u00e9r\u00e9es comme accept\u00e9es. En utilisant ce site web et en passant commande sur charmingc.ch, vous confirmez que vous avez au moins 18 ans et que vous acceptez les pr\u00e9sentes conditions g\u00e9n\u00e9rales.<\/p>\n<p>&nbsp;<\/p>\n<h2>BIENVENUE<\/h2>\n<p>Bonjour ! Merci de visiter notre boutique et de soutenir notre petite entreprise !<\/p>\n<p>&nbsp;<\/p>\n<h2>PRIX<\/h2>\n<p>Les prix dans la boutique sont indiqu\u00e9s en CHF, TVA comprise. Le prix comprend les frais d&#8217;emballage et d&rsquo;exp\u00e9dition.<span class=\"Apple-converted-space\"> <\/span><\/p>\n<p><span class=\"Apple-converted-space\"><\/span><\/p>\n<h2>PAIEMENT<\/h2>\n<p>Actuellement, vous pouvez payer par Mastercard, Visa et TWINT dans notre magasin.<\/p>\n<p>&nbsp;<\/p>\n<h2>ORDRES<\/h2>\n<p>Les commandes sont consid\u00e9r\u00e9es comme fermes et ne peuvent \u00eatre annul\u00e9es que le jour m\u00eame. En cas de retard ou d&rsquo;obstacle \u00e0 la livraison, vous serez inform\u00e9 par e-mail dans les meilleurs d\u00e9lais. La disponibilit\u00e9 des articles propos\u00e9s est r\u00e9serv\u00e9e.<\/p>\n<p>&nbsp;<\/p>\n<h2>EXP\u00c9DITION<\/h2>\n<p>Actuellement, nous ne livrons qu&rsquo;en Suisse. L&rsquo;exp\u00e9dition a lieu le jour ouvrable suivant la r\u00e9ception du paiement. Le d\u00e9lai de livraison est g\u00e9n\u00e9ralement de 1 \u00e0 5 jours ouvrables apr\u00e8s r\u00e9ception du paiement. Si les marchandises sont envoy\u00e9es sans assurance par la poste, le risque de perte dans la poste incombe \u00e0 l&rsquo;acheteur.<\/p>\n<p>&nbsp;<\/p>\n<h2>ANNULATION DE LA COMMANDE<span class=\"Apple-converted-space\"> <\/span><\/h2>\n<p>L&rsquo;annulation n&rsquo;est possible qu&rsquo;avant la livraison. L&rsquo;annulation apr\u00e8s la livraison ne peut se faire qu&rsquo;apr\u00e8s approbation par courriel.<\/p>\n<p>&nbsp;<\/p>\n<h2>RESPONSABILIT\u00c9<\/h2>\n<p>Charming Group GmbH n&rsquo;est pas responsable des dommages subis par l&rsquo;acheteur \u00e0 la suite de l&rsquo;utilisation ou du fonctionnement des articles achet\u00e9s. Charming Group GmbH n&rsquo;assume aucune responsabilit\u00e9 pour le manque \u00e0 gagner, les dommages indirects ou les dommages indirects que l&rsquo;acheteur ou des tiers pourraient subir.<\/p>\n<p>&nbsp;<\/p>\n<h2>RETURN<\/h2>\n<p>Un retour n&rsquo;est possible que si les marchandises ne pr\u00e9sentent aucun signe d&rsquo;utilisation. Les retours doivent \u00eatre confirm\u00e9s avec nous au pr\u00e9alable par e-mail. Le montant de l&rsquo;achat sera rembours\u00e9 moins les frais d&rsquo;exp\u00e9dition. En cas de dommage pendant le transport, vous devez vous plaindre dans les 24 heures, sinon le droit \u00e0 un remplacement gratuit expirera.<\/p>\n<p>&nbsp;<\/p>\n<h2>S\u00c9CURIT\u00c9 ET CONFIDENTIALIT\u00c9<\/h2>\n<p>Les donn\u00e9es personnelles sont transmises sous forme crypt\u00e9e et ne sont pas communiqu\u00e9es \u00e0 des tiers. Vos donn\u00e9es ne seront utilis\u00e9es que pour le traitement de votre commande et seront trait\u00e9es de mani\u00e8re confidentielle.<span class=\"Apple-converted-space\"> <\/span><\/p>\n<p>&nbsp;<\/p>\n<h2>JURISDICTION<\/h2>\n<p>Le lieu de juridiction et d&rsquo;ex\u00e9cution est Zurich. Le droit suisse s&rsquo;applique.<\/p>\n<p>[\/et_pb_text][\/et_pb_column][et_pb_column type=\u00a0\u00bb1_4&Prime; _builder_version=\u00a0\u00bb4.9.2&Prime; _module_preset=\u00a0\u00bbdefault\u00a0\u00bb][\/et_pb_column][\/et_pb_row][et_pb_row _builder_version=\u00a0\u00bb3.25&Prime; custom_padding=\u00a0\u00bb||0px|||\u00a0\u00bb][et_pb_column type=\u00a0\u00bb4_4&Prime; _builder_version=\u00a0\u00bb3.25&Prime; custom_padding=\u00a0\u00bb|||\u00a0\u00bb custom_padding__hover=\u00a0\u00bb|||\u00a0\u00bb][et_pb_divider color=\u00a0\u00bb#979797&Prime; divider_weight=\u00a0\u00bb2px\u00a0\u00bb _builder_version=\u00a0\u00bb4.9.0&Prime; max_width=\u00a0\u00bb100px\u00a0\u00bb module_alignment=\u00a0\u00bbcenter\u00a0\u00bb link_option_url=\u00a0\u00bbwww.charmingc.ch\/shop\u00a0\u00bb locked=\u00a0\u00bboff\u00a0\u00bb][\/et_pb_divider][\/et_pb_column][\/et_pb_row][\/et_pb_section]<\/p>\n","protected":false},"excerpt":{"rendered":"<p>Conditions g\u00e9n\u00e9rales d&rsquo;utilisation CharmingCNotre objectif est de toujours vous servir \u00e0 votre enti\u00e8re satisfaction. Cela inclut, entre autres, nos conditions \u00e9quitables. Veuillez lire attentivement les informations suivantes : Les transactions commerciales (offres, livraisons, services, etc.) avec Charming Group GmbH sont exclusivement bas\u00e9es sur les pr\u00e9sentes conditions g\u00e9n\u00e9rales. Lorsque les marchandises sont command\u00e9es, les pr\u00e9sentes conditions [&hellip;]<\/p>\n","protected":false},"author":1,"featured_media":0,"parent":0,"menu_order":0,"comment_status":"closed","ping_status":"closed","template":"","meta":{"_et_pb_use_builder":"on","_et_pb_old_content":"","_et_gb_content_width":"","footnotes":""},"class_list":["post-4131","page","type-page","status-publish","hentry"],"yoast_head":"<!-- This site is optimized with the Yoast SEO plugin v26.9 - https:\/\/yoast.com\/product\/yoast-seo-wordpress\/ -->\n<title>Modalit\u00e9s et conditions - CharmingC - Bio CBD \u00d6l aus der Schweiz | Natural Wellness<\/title>\n<meta name=\"description\" content=\"Schweizer Bio CBD \u00d6l 10% in MCT \u00d6l. Nat\u00fcrliche Hilfe bei Stress, Schlafproblemen &amp; Schmerzen. \ud83c\udde8\ud83c\udded Swiss Made | Nachhaltig | Versandkostenfrei\" \/>\n<meta name=\"robots\" content=\"index, follow, max-snippet:-1, max-image-preview:large, max-video-preview:-1\" \/>\n<link rel=\"canonical\" href=\"https:\/\/www.charmingc.ch\/fr\/modalites-et-conditions\/\" \/>\n<meta property=\"og:locale\" content=\"fr_FR\" \/>\n<meta property=\"og:type\" content=\"article\" \/>\n<meta property=\"og:title\" content=\"Modalit\u00e9s et conditions - CharmingC - Bio CBD \u00d6l aus der Schweiz | Natural Wellness\" \/>\n<meta property=\"og:description\" content=\"Schweizer Bio CBD \u00d6l 10% in MCT \u00d6l. Nat\u00fcrliche Hilfe bei Stress, Schlafproblemen &amp; Schmerzen. \ud83c\udde8\ud83c\udded Swiss Made | Nachhaltig | Versandkostenfrei\" \/>\n<meta property=\"og:url\" content=\"https:\/\/www.charmingc.ch\/fr\/modalites-et-conditions\/\" \/>\n<meta property=\"og:site_name\" content=\"CharmingC - Bio CBD \u00d6l aus der Schweiz | Natural Wellness\" \/>\n<meta property=\"article:publisher\" content=\"https:\/\/web.facebook.com\/CharmingC-101024288710328\" \/>\n<meta property=\"article:modified_time\" content=\"2022-11-19T21:30:11+00:00\" \/>\n<meta name=\"twitter:card\" content=\"summary_large_image\" \/>\n<meta name=\"twitter:site\" content=\"@_CharmingC_\" \/>\n<meta name=\"twitter:label1\" content=\"Dur\u00e9e de lecture estim\u00e9e\" \/>\n\t<meta name=\"twitter:data1\" content=\"4 minutes\" \/>\n<script type=\"application\/ld+json\" class=\"yoast-schema-graph\">{\"@context\":\"https:\/\/schema.org\",\"@graph\":[{\"@type\":\"WebPage\",\"@id\":\"https:\/\/www.charmingc.ch\/fr\/modalites-et-conditions\/\",\"url\":\"https:\/\/www.charmingc.ch\/fr\/modalites-et-conditions\/\",\"name\":\"Modalit\u00e9s et conditions - CharmingC - Bio CBD \u00d6l aus der Schweiz | Natural Wellness\",\"isPartOf\":{\"@id\":\"https:\/\/www.charmingc.ch\/#website\"},\"datePublished\":\"2021-06-21T19:10:38+00:00\",\"dateModified\":\"2022-11-19T21:30:11+00:00\",\"description\":\"Schweizer Bio CBD \u00d6l 10% in MCT \u00d6l. Nat\u00fcrliche Hilfe bei Stress, Schlafproblemen & Schmerzen. \ud83c\udde8\ud83c\udded Swiss Made | Nachhaltig | Versandkostenfrei\",\"breadcrumb\":{\"@id\":\"https:\/\/www.charmingc.ch\/fr\/modalites-et-conditions\/#breadcrumb\"},\"inLanguage\":\"fr-FR\",\"potentialAction\":[{\"@type\":\"ReadAction\",\"target\":[\"https:\/\/www.charmingc.ch\/fr\/modalites-et-conditions\/\"]}]},{\"@type\":\"BreadcrumbList\",\"@id\":\"https:\/\/www.charmingc.ch\/fr\/modalites-et-conditions\/#breadcrumb\",\"itemListElement\":[{\"@type\":\"ListItem\",\"position\":1,\"name\":\"Home\",\"item\":\"https:\/\/www.charmingc.ch\/\"},{\"@type\":\"ListItem\",\"position\":2,\"name\":\"Modalit\u00e9s et conditions\"}]},{\"@type\":\"WebSite\",\"@id\":\"https:\/\/www.charmingc.ch\/#website\",\"url\":\"https:\/\/www.charmingc.ch\/\",\"name\":\"CharmingC CBD\",\"description\":\"CBD \u00d6l 10% kaufen - Bio Full Spectrum | CharmingC Schweiz\",\"publisher\":{\"@id\":\"https:\/\/www.charmingc.ch\/#organization\"},\"potentialAction\":[{\"@type\":\"SearchAction\",\"target\":{\"@type\":\"EntryPoint\",\"urlTemplate\":\"https:\/\/www.charmingc.ch\/?s={search_term_string}\"},\"query-input\":{\"@type\":\"PropertyValueSpecification\",\"valueRequired\":true,\"valueName\":\"search_term_string\"}}],\"inLanguage\":\"fr-FR\"},{\"@type\":\"Organization\",\"@id\":\"https:\/\/www.charmingc.ch\/#organization\",\"name\":\"CharmingC\",\"url\":\"https:\/\/www.charmingc.ch\/\",\"logo\":{\"@type\":\"ImageObject\",\"inLanguage\":\"fr-FR\",\"@id\":\"https:\/\/www.charmingc.ch\/#\/schema\/logo\/image\/\",\"url\":\"https:\/\/www.charmingc.ch\/wp-content\/uploads\/2021\/03\/CCLogo_Gold.png\",\"contentUrl\":\"https:\/\/www.charmingc.ch\/wp-content\/uploads\/2021\/03\/CCLogo_Gold.png\",\"width\":1200,\"height\":1100,\"caption\":\"CharmingC\"},\"image\":{\"@id\":\"https:\/\/www.charmingc.ch\/#\/schema\/logo\/image\/\"},\"sameAs\":[\"https:\/\/web.facebook.com\/CharmingC-101024288710328\",\"https:\/\/x.com\/_CharmingC_\",\"https:\/\/www.instagram.com\/_charmingc_\/\",\"https:\/\/www.tiktok.com\/@charmingc.ch\"]}]}<\/script>\n<!-- \/ Yoast SEO plugin. -->","yoast_head_json":{"title":"Modalit\u00e9s et conditions - CharmingC - Bio CBD \u00d6l aus der Schweiz | Natural Wellness","description":"Schweizer Bio CBD \u00d6l 10% in MCT \u00d6l. Nat\u00fcrliche Hilfe bei Stress, Schlafproblemen & Schmerzen. \ud83c\udde8\ud83c\udded Swiss Made | Nachhaltig | Versandkostenfrei","robots":{"index":"index","follow":"follow","max-snippet":"max-snippet:-1","max-image-preview":"max-image-preview:large","max-video-preview":"max-video-preview:-1"},"canonical":"https:\/\/www.charmingc.ch\/fr\/modalites-et-conditions\/","og_locale":"fr_FR","og_type":"article","og_title":"Modalit\u00e9s et conditions - CharmingC - Bio CBD \u00d6l aus der Schweiz | Natural Wellness","og_description":"Schweizer Bio CBD \u00d6l 10% in MCT \u00d6l. Nat\u00fcrliche Hilfe bei Stress, Schlafproblemen & Schmerzen. \ud83c\udde8\ud83c\udded Swiss Made | Nachhaltig | Versandkostenfrei","og_url":"https:\/\/www.charmingc.ch\/fr\/modalites-et-conditions\/","og_site_name":"CharmingC - Bio CBD \u00d6l aus der Schweiz | Natural Wellness","article_publisher":"https:\/\/web.facebook.com\/CharmingC-101024288710328","article_modified_time":"2022-11-19T21:30:11+00:00","twitter_card":"summary_large_image","twitter_site":"@_CharmingC_","twitter_misc":{"Dur\u00e9e de lecture estim\u00e9e":"4 minutes"},"schema":{"@context":"https:\/\/schema.org","@graph":[{"@type":"WebPage","@id":"https:\/\/www.charmingc.ch\/fr\/modalites-et-conditions\/","url":"https:\/\/www.charmingc.ch\/fr\/modalites-et-conditions\/","name":"Modalit\u00e9s et conditions - CharmingC - Bio CBD \u00d6l aus der Schweiz | Natural Wellness","isPartOf":{"@id":"https:\/\/www.charmingc.ch\/#website"},"datePublished":"2021-06-21T19:10:38+00:00","dateModified":"2022-11-19T21:30:11+00:00","description":"Schweizer Bio CBD \u00d6l 10% in MCT \u00d6l. Nat\u00fcrliche Hilfe bei Stress, Schlafproblemen & Schmerzen. \ud83c\udde8\ud83c\udded Swiss Made | Nachhaltig | Versandkostenfrei","breadcrumb":{"@id":"https:\/\/www.charmingc.ch\/fr\/modalites-et-conditions\/#breadcrumb"},"inLanguage":"fr-FR","potentialAction":[{"@type":"ReadAction","target":["https:\/\/www.charmingc.ch\/fr\/modalites-et-conditions\/"]}]},{"@type":"BreadcrumbList","@id":"https:\/\/www.charmingc.ch\/fr\/modalites-et-conditions\/#breadcrumb","itemListElement":[{"@type":"ListItem","position":1,"name":"Home","item":"https:\/\/www.charmingc.ch\/"},{"@type":"ListItem","position":2,"name":"Modalit\u00e9s et conditions"}]},{"@type":"WebSite","@id":"https:\/\/www.charmingc.ch\/#website","url":"https:\/\/www.charmingc.ch\/","name":"CharmingC CBD","description":"CBD \u00d6l 10% kaufen - Bio Full Spectrum | CharmingC Schweiz","publisher":{"@id":"https:\/\/www.charmingc.ch\/#organization"},"potentialAction":[{"@type":"SearchAction","target":{"@type":"EntryPoint","urlTemplate":"https:\/\/www.charmingc.ch\/?s={search_term_string}"},"query-input":{"@type":"PropertyValueSpecification","valueRequired":true,"valueName":"search_term_string"}}],"inLanguage":"fr-FR"},{"@type":"Organization","@id":"https:\/\/www.charmingc.ch\/#organization","name":"CharmingC","url":"https:\/\/www.charmingc.ch\/","logo":{"@type":"ImageObject","inLanguage":"fr-FR","@id":"https:\/\/www.charmingc.ch\/#\/schema\/logo\/image\/","url":"https:\/\/www.charmingc.ch\/wp-content\/uploads\/2021\/03\/CCLogo_Gold.png","contentUrl":"https:\/\/www.charmingc.ch\/wp-content\/uploads\/2021\/03\/CCLogo_Gold.png","width":1200,"height":1100,"caption":"CharmingC"},"image":{"@id":"https:\/\/www.charmingc.ch\/#\/schema\/logo\/image\/"},"sameAs":["https:\/\/web.facebook.com\/CharmingC-101024288710328","https:\/\/x.com\/_CharmingC_","https:\/\/www.instagram.com\/_charmingc_\/","https:\/\/www.tiktok.com\/@charmingc.ch"]}]}},"_links":{"self":[{"href":"https:\/\/www.charmingc.ch\/fr\/wp-json\/wp\/v2\/pages\/4131","targetHints":{"allow":["GET"]}}],"collection":[{"href":"https:\/\/www.charmingc.ch\/fr\/wp-json\/wp\/v2\/pages"}],"about":[{"href":"https:\/\/www.charmingc.ch\/fr\/wp-json\/wp\/v2\/types\/page"}],"author":[{"embeddable":true,"href":"https:\/\/www.charmingc.ch\/fr\/wp-json\/wp\/v2\/users\/1"}],"replies":[{"embeddable":true,"href":"https:\/\/www.charmingc.ch\/fr\/wp-json\/wp\/v2\/comments?post=4131"}],"version-history":[{"count":0,"href":"https:\/\/www.charmingc.ch\/fr\/wp-json\/wp\/v2\/pages\/4131\/revisions"}],"wp:attachment":[{"href":"https:\/\/www.charmingc.ch\/fr\/wp-json\/wp\/v2\/media?parent=4131"}],"curies":[{"name":"wp","href":"https:\/\/api.w.org\/{rel}","templated":true}]}}