{"id":4166,"date":"2021-05-24T12:08:35","date_gmt":"2021-05-24T10:08:35","guid":{"rendered":"https:\/\/www.charmingc.ch\/shop\/non%20class\u00e9\/gel-rafraichissant-a-larnica\/"},"modified":"2023-01-16T20:51:43","modified_gmt":"2023-01-16T19:51:43","slug":"arnica-hemp-gel","status":"publish","type":"product","link":"https:\/\/www.charmingc.ch\/fr\/shop\/cosmetiques-cbd\/arnica-hemp-gel\/","title":{"rendered":"Gel rafra\u00eechissant \u00e0 l&rsquo;arnica"},"content":{"rendered":"<p><strong>Gel de chanvre \u00e0 l&rsquo;arnica<\/strong><\/p>\n<p>Le gel de chanvre \u00e0 l&rsquo;arnica r\u00e9duit les inflammations et convient aux tensions musculaires car il aide \u00e0 d\u00e9tendre les muscles. Vous pouvez utiliser le gel pour toutes les parties de la peau et surtout pour vos exercices sportifs. Le gel contient de l&rsquo;extrait d&rsquo;arnica, de l&rsquo;huile de graines de chanvre, du CBD, de la lavande et de la menthe poivr\u00e9e, qui aident \u00e9galement vos muscles \u00e0 se d\u00e9tendre.<\/p>\n<p>Domaine d&rsquo;application :<\/p>\n<p>Blessures des muscles, des tendons et des ligaments, telles que les blessures dues au sport, au travail et aux accidents, comme les entorses, les contusions, les foulures, les h\u00e9matomes mineurs, ainsi que les tendinites et les bursites.<\/p>\n<p>Caract\u00e9ristiques principales :<\/p>\n<ul>\n<li>Anti-douleur<\/li>\n<li>Acc\u00e9l\u00e9rer la cicatrisation des plaies<\/li>\n<li>Refroidissement<\/li>\n<li>D\u00e9tente musculaire<\/li>\n<li>Anti-inflammatoire<\/li>\n<\/ul>\n<p>Meilleur avant : 12 mois apr\u00e8s ouverture (PAO)<br \/>\nContenu: 50ml<\/p>\n<p>Ingr\u00e9dients :<\/p>\n<p>Aqua, Glycerin, Hemp Seed Oil, Hemp Extrakt, Arnica Montana Flower Extract, Lavendula Angustifoglia Flower Oil, Mentha Piperita Oil, Avena Sativa Kernel Extract, Solidago Virgaurea Extract, Euphrasia Officinalis Extract, Carbomer, Sodium Hydroxide, Alcohol Denat. EDTA t\u00e9trasodique, Caprylyl Glycol, Ph\u00e9noxy\u00e9thanol.<\/p>\n","protected":false},"excerpt":{"rendered":"<p>Le gel de chanvre \u00e0 l&rsquo;arnica r\u00e9duit les inflammations et convient aux tensions musculaires car il aide \u00e0 d\u00e9tendre les muscles. Vous pouvez utiliser le gel pour toutes les parties de la peau et surtout pour vos exercices sportifs. Le gel contient de l&rsquo;extrait d&rsquo;arnica, de l&rsquo;huile de graines de chanvre, du CBD, de la lavande et de la menthe poivr\u00e9e, qui aident \u00e9galement vos muscles \u00e0 se d\u00e9tendre.<\/p>\n","protected":false},"featured_media":4036,"comment_status":"open","ping_status":"closed","template":"","meta":{"_et_pb_use_builder":"","_et_pb_old_content":"","_et_gb_content_width":""},"product_brand":[],"product_cat":[86],"product_tag":[],"class_list":{"0":"post-4166","1":"product","2":"type-product","3":"status-publish","4":"has-post-thumbnail","6":"product_cat-cosmetiques-cbd","8":"first","9":"instock","10":"sale","11":"taxable","12":"shipping-taxable","13":"purchasable","14":"product-type-simple"},"yoast_head":"<!-- This site is optimized with the Yoast SEO plugin v26.9 - https:\/\/yoast.com\/product\/yoast-seo-wordpress\/ -->\n<title>Gel rafra\u00eechissant \u00e0 l&#039;arnica - CharmingC - Bio CBD \u00d6l aus der Schweiz | Natural Wellness<\/title>\n<meta name=\"description\" content=\"Arnica Hemp Gel reduces inflammation and it helps to relax muscles. Le gel contient de l&#039;arnica, de l&#039;huile de graines de chanvre, du cbd, de la lavande et de la menthe poivr\u00e9e...\" \/>\n<meta name=\"robots\" content=\"index, follow, max-snippet:-1, max-image-preview:large, max-video-preview:-1\" \/>\n<link rel=\"canonical\" href=\"https:\/\/www.charmingc.ch\/fr\/shop\/cosmetiques-cbd\/arnica-hemp-gel-2\/\" \/>\n<meta property=\"og:locale\" content=\"fr_FR\" \/>\n<meta property=\"og:type\" content=\"article\" \/>\n<meta property=\"og:title\" content=\"Gel rafra\u00eechissant \u00e0 l&#039;arnica - CharmingC - Bio CBD \u00d6l aus der Schweiz | Natural Wellness\" \/>\n<meta property=\"og:description\" content=\"Arnica Hemp Gel reduces inflammation and it helps to relax muscles. Le gel contient de l&#039;arnica, de l&#039;huile de graines de chanvre, du cbd, de la lavande et de la menthe poivr\u00e9e...\" \/>\n<meta property=\"og:url\" content=\"https:\/\/www.charmingc.ch\/fr\/shop\/cosmetiques-cbd\/arnica-hemp-gel-2\/\" \/>\n<meta property=\"og:site_name\" content=\"CharmingC - Bio CBD \u00d6l aus der Schweiz | Natural Wellness\" \/>\n<meta property=\"article:publisher\" content=\"https:\/\/web.facebook.com\/CharmingC-101024288710328\" \/>\n<meta property=\"article:modified_time\" content=\"2023-01-16T19:51:43+00:00\" \/>\n<meta property=\"og:image\" content=\"https:\/\/i0.wp.com\/www.charmingc.ch\/wp-content\/uploads\/2022\/05\/CHARMINGC_ARNICA_GEL_SKIN_BODY_COOLING_MUSCLE_CALMDOWN.jpg?fit=600%2C600&ssl=1\" \/>\n\t<meta property=\"og:image:width\" content=\"600\" \/>\n\t<meta property=\"og:image:height\" content=\"600\" \/>\n\t<meta property=\"og:image:type\" content=\"image\/jpeg\" \/>\n<meta name=\"twitter:card\" content=\"summary_large_image\" \/>\n<meta name=\"twitter:site\" content=\"@_CharmingC_\" \/>\n<meta name=\"twitter:label1\" content=\"Dur\u00e9e de lecture estim\u00e9e\" \/>\n\t<meta name=\"twitter:data1\" content=\"1 minute\" \/>\n<script type=\"application\/ld+json\" class=\"yoast-schema-graph\">{\"@context\":\"https:\/\/schema.org\",\"@graph\":[{\"@type\":\"WebPage\",\"@id\":\"https:\/\/www.charmingc.ch\/fr\/shop\/cosmetiques-cbd\/arnica-hemp-gel-2\/\",\"url\":\"https:\/\/www.charmingc.ch\/fr\/shop\/cosmetiques-cbd\/arnica-hemp-gel-2\/\",\"name\":\"Gel rafra\u00eechissant \u00e0 l'arnica - CharmingC - Bio CBD \u00d6l aus der Schweiz | Natural Wellness\",\"isPartOf\":{\"@id\":\"https:\/\/www.charmingc.ch\/#website\"},\"primaryImageOfPage\":{\"@id\":\"https:\/\/www.charmingc.ch\/fr\/shop\/cosmetiques-cbd\/arnica-hemp-gel-2\/#primaryimage\"},\"image\":{\"@id\":\"https:\/\/www.charmingc.ch\/fr\/shop\/cosmetiques-cbd\/arnica-hemp-gel-2\/#primaryimage\"},\"thumbnailUrl\":\"https:\/\/www.charmingc.ch\/wp-content\/uploads\/2022\/05\/CHARMINGC_ARNICA_GEL_SKIN_BODY_COOLING_MUSCLE_CALMDOWN.jpg\",\"datePublished\":\"2021-05-24T10:08:35+00:00\",\"dateModified\":\"2023-01-16T19:51:43+00:00\",\"description\":\"Arnica Hemp Gel reduces inflammation and it helps to relax muscles. Le gel contient de l'arnica, de l'huile de graines de chanvre, du cbd, de la lavande et de la menthe poivr\u00e9e...\",\"breadcrumb\":{\"@id\":\"https:\/\/www.charmingc.ch\/fr\/shop\/cosmetiques-cbd\/arnica-hemp-gel-2\/#breadcrumb\"},\"inLanguage\":\"fr-FR\",\"potentialAction\":[{\"@type\":\"ReadAction\",\"target\":[\"https:\/\/www.charmingc.ch\/fr\/shop\/cosmetiques-cbd\/arnica-hemp-gel-2\/\"]}]},{\"@type\":\"ImageObject\",\"inLanguage\":\"fr-FR\",\"@id\":\"https:\/\/www.charmingc.ch\/fr\/shop\/cosmetiques-cbd\/arnica-hemp-gel-2\/#primaryimage\",\"url\":\"https:\/\/www.charmingc.ch\/wp-content\/uploads\/2022\/05\/CHARMINGC_ARNICA_GEL_SKIN_BODY_COOLING_MUSCLE_CALMDOWN.jpg\",\"contentUrl\":\"https:\/\/www.charmingc.ch\/wp-content\/uploads\/2022\/05\/CHARMINGC_ARNICA_GEL_SKIN_BODY_COOLING_MUSCLE_CALMDOWN.jpg\",\"width\":600,\"height\":600,\"caption\":\"CHARMINGC_ARNICA_GEL_SKIN_BODY_COOLING_MUSCLE_CALMDOWN\"},{\"@type\":\"BreadcrumbList\",\"@id\":\"https:\/\/www.charmingc.ch\/fr\/shop\/cosmetiques-cbd\/arnica-hemp-gel-2\/#breadcrumb\",\"itemListElement\":[{\"@type\":\"ListItem\",\"position\":1,\"name\":\"Home\",\"item\":\"https:\/\/www.charmingc.ch\/\"},{\"@type\":\"ListItem\",\"position\":2,\"name\":\"Shop\",\"item\":\"https:\/\/www.charmingc.ch\/shop\/\"},{\"@type\":\"ListItem\",\"position\":3,\"name\":\"Gel rafra\u00eechissant \u00e0 l&rsquo;arnica\"}]},{\"@type\":\"WebSite\",\"@id\":\"https:\/\/www.charmingc.ch\/#website\",\"url\":\"https:\/\/www.charmingc.ch\/\",\"name\":\"CharmingC CBD\",\"description\":\"CBD \u00d6l 10% kaufen - Bio Full Spectrum | CharmingC Schweiz\",\"publisher\":{\"@id\":\"https:\/\/www.charmingc.ch\/#organization\"},\"potentialAction\":[{\"@type\":\"SearchAction\",\"target\":{\"@type\":\"EntryPoint\",\"urlTemplate\":\"https:\/\/www.charmingc.ch\/?s={search_term_string}\"},\"query-input\":{\"@type\":\"PropertyValueSpecification\",\"valueRequired\":true,\"valueName\":\"search_term_string\"}}],\"inLanguage\":\"fr-FR\"},{\"@type\":\"Organization\",\"@id\":\"https:\/\/www.charmingc.ch\/#organization\",\"name\":\"CharmingC\",\"url\":\"https:\/\/www.charmingc.ch\/\",\"logo\":{\"@type\":\"ImageObject\",\"inLanguage\":\"fr-FR\",\"@id\":\"https:\/\/www.charmingc.ch\/#\/schema\/logo\/image\/\",\"url\":\"https:\/\/www.charmingc.ch\/wp-content\/uploads\/2021\/03\/CCLogo_Gold.png\",\"contentUrl\":\"https:\/\/www.charmingc.ch\/wp-content\/uploads\/2021\/03\/CCLogo_Gold.png\",\"width\":1200,\"height\":1100,\"caption\":\"CharmingC\"},\"image\":{\"@id\":\"https:\/\/www.charmingc.ch\/#\/schema\/logo\/image\/\"},\"sameAs\":[\"https:\/\/web.facebook.com\/CharmingC-101024288710328\",\"https:\/\/x.com\/_CharmingC_\",\"https:\/\/www.instagram.com\/_charmingc_\/\",\"https:\/\/www.tiktok.com\/@charmingc.ch\"]}]}<\/script>\n<!-- \/ Yoast SEO plugin. -->","yoast_head_json":{"title":"Gel rafra\u00eechissant \u00e0 l'arnica - CharmingC - Bio CBD \u00d6l aus der Schweiz | Natural Wellness","description":"Arnica Hemp Gel reduces inflammation and it helps to relax muscles. Le gel contient de l'arnica, de l'huile de graines de chanvre, du cbd, de la lavande et de la menthe poivr\u00e9e...","robots":{"index":"index","follow":"follow","max-snippet":"max-snippet:-1","max-image-preview":"max-image-preview:large","max-video-preview":"max-video-preview:-1"},"canonical":"https:\/\/www.charmingc.ch\/fr\/shop\/cosmetiques-cbd\/arnica-hemp-gel-2\/","og_locale":"fr_FR","og_type":"article","og_title":"Gel rafra\u00eechissant \u00e0 l'arnica - CharmingC - Bio CBD \u00d6l aus der Schweiz | Natural Wellness","og_description":"Arnica Hemp Gel reduces inflammation and it helps to relax muscles. Le gel contient de l'arnica, de l'huile de graines de chanvre, du cbd, de la lavande et de la menthe poivr\u00e9e...","og_url":"https:\/\/www.charmingc.ch\/fr\/shop\/cosmetiques-cbd\/arnica-hemp-gel-2\/","og_site_name":"CharmingC - Bio CBD \u00d6l aus der Schweiz | Natural Wellness","article_publisher":"https:\/\/web.facebook.com\/CharmingC-101024288710328","article_modified_time":"2023-01-16T19:51:43+00:00","og_image":[{"width":600,"height":600,"url":"https:\/\/i0.wp.com\/www.charmingc.ch\/wp-content\/uploads\/2022\/05\/CHARMINGC_ARNICA_GEL_SKIN_BODY_COOLING_MUSCLE_CALMDOWN.jpg?fit=600%2C600&ssl=1","type":"image\/jpeg"}],"twitter_card":"summary_large_image","twitter_site":"@_CharmingC_","twitter_misc":{"Dur\u00e9e de lecture estim\u00e9e":"1 minute"},"schema":{"@context":"https:\/\/schema.org","@graph":[{"@type":"WebPage","@id":"https:\/\/www.charmingc.ch\/fr\/shop\/cosmetiques-cbd\/arnica-hemp-gel-2\/","url":"https:\/\/www.charmingc.ch\/fr\/shop\/cosmetiques-cbd\/arnica-hemp-gel-2\/","name":"Gel rafra\u00eechissant \u00e0 l'arnica - CharmingC - Bio CBD \u00d6l aus der Schweiz | Natural Wellness","isPartOf":{"@id":"https:\/\/www.charmingc.ch\/#website"},"primaryImageOfPage":{"@id":"https:\/\/www.charmingc.ch\/fr\/shop\/cosmetiques-cbd\/arnica-hemp-gel-2\/#primaryimage"},"image":{"@id":"https:\/\/www.charmingc.ch\/fr\/shop\/cosmetiques-cbd\/arnica-hemp-gel-2\/#primaryimage"},"thumbnailUrl":"https:\/\/www.charmingc.ch\/wp-content\/uploads\/2022\/05\/CHARMINGC_ARNICA_GEL_SKIN_BODY_COOLING_MUSCLE_CALMDOWN.jpg","datePublished":"2021-05-24T10:08:35+00:00","dateModified":"2023-01-16T19:51:43+00:00","description":"Arnica Hemp Gel reduces inflammation and it helps to relax muscles. Le gel contient de l'arnica, de l'huile de graines de chanvre, du cbd, de la lavande et de la menthe poivr\u00e9e...","breadcrumb":{"@id":"https:\/\/www.charmingc.ch\/fr\/shop\/cosmetiques-cbd\/arnica-hemp-gel-2\/#breadcrumb"},"inLanguage":"fr-FR","potentialAction":[{"@type":"ReadAction","target":["https:\/\/www.charmingc.ch\/fr\/shop\/cosmetiques-cbd\/arnica-hemp-gel-2\/"]}]},{"@type":"ImageObject","inLanguage":"fr-FR","@id":"https:\/\/www.charmingc.ch\/fr\/shop\/cosmetiques-cbd\/arnica-hemp-gel-2\/#primaryimage","url":"https:\/\/www.charmingc.ch\/wp-content\/uploads\/2022\/05\/CHARMINGC_ARNICA_GEL_SKIN_BODY_COOLING_MUSCLE_CALMDOWN.jpg","contentUrl":"https:\/\/www.charmingc.ch\/wp-content\/uploads\/2022\/05\/CHARMINGC_ARNICA_GEL_SKIN_BODY_COOLING_MUSCLE_CALMDOWN.jpg","width":600,"height":600,"caption":"CHARMINGC_ARNICA_GEL_SKIN_BODY_COOLING_MUSCLE_CALMDOWN"},{"@type":"BreadcrumbList","@id":"https:\/\/www.charmingc.ch\/fr\/shop\/cosmetiques-cbd\/arnica-hemp-gel-2\/#breadcrumb","itemListElement":[{"@type":"ListItem","position":1,"name":"Home","item":"https:\/\/www.charmingc.ch\/"},{"@type":"ListItem","position":2,"name":"Shop","item":"https:\/\/www.charmingc.ch\/shop\/"},{"@type":"ListItem","position":3,"name":"Gel rafra\u00eechissant \u00e0 l&rsquo;arnica"}]},{"@type":"WebSite","@id":"https:\/\/www.charmingc.ch\/#website","url":"https:\/\/www.charmingc.ch\/","name":"CharmingC CBD","description":"CBD \u00d6l 10% kaufen - Bio Full Spectrum | CharmingC Schweiz","publisher":{"@id":"https:\/\/www.charmingc.ch\/#organization"},"potentialAction":[{"@type":"SearchAction","target":{"@type":"EntryPoint","urlTemplate":"https:\/\/www.charmingc.ch\/?s={search_term_string}"},"query-input":{"@type":"PropertyValueSpecification","valueRequired":true,"valueName":"search_term_string"}}],"inLanguage":"fr-FR"},{"@type":"Organization","@id":"https:\/\/www.charmingc.ch\/#organization","name":"CharmingC","url":"https:\/\/www.charmingc.ch\/","logo":{"@type":"ImageObject","inLanguage":"fr-FR","@id":"https:\/\/www.charmingc.ch\/#\/schema\/logo\/image\/","url":"https:\/\/www.charmingc.ch\/wp-content\/uploads\/2021\/03\/CCLogo_Gold.png","contentUrl":"https:\/\/www.charmingc.ch\/wp-content\/uploads\/2021\/03\/CCLogo_Gold.png","width":1200,"height":1100,"caption":"CharmingC"},"image":{"@id":"https:\/\/www.charmingc.ch\/#\/schema\/logo\/image\/"},"sameAs":["https:\/\/web.facebook.com\/CharmingC-101024288710328","https:\/\/x.com\/_CharmingC_","https:\/\/www.instagram.com\/_charmingc_\/","https:\/\/www.tiktok.com\/@charmingc.ch"]}]}},"_links":{"self":[{"href":"https:\/\/www.charmingc.ch\/fr\/wp-json\/wp\/v2\/product\/4166","targetHints":{"allow":["GET"]}}],"collection":[{"href":"https:\/\/www.charmingc.ch\/fr\/wp-json\/wp\/v2\/product"}],"about":[{"href":"https:\/\/www.charmingc.ch\/fr\/wp-json\/wp\/v2\/types\/product"}],"replies":[{"embeddable":true,"href":"https:\/\/www.charmingc.ch\/fr\/wp-json\/wp\/v2\/comments?post=4166"}],"wp:featuredmedia":[{"embeddable":true,"href":"https:\/\/www.charmingc.ch\/fr\/wp-json\/wp\/v2\/media\/4036"}],"wp:attachment":[{"href":"https:\/\/www.charmingc.ch\/fr\/wp-json\/wp\/v2\/media?parent=4166"}],"wp:term":[{"taxonomy":"product_brand","embeddable":true,"href":"https:\/\/www.charmingc.ch\/fr\/wp-json\/wp\/v2\/product_brand?post=4166"},{"taxonomy":"product_cat","embeddable":true,"href":"https:\/\/www.charmingc.ch\/fr\/wp-json\/wp\/v2\/product_cat?post=4166"},{"taxonomy":"product_tag","embeddable":true,"href":"https:\/\/www.charmingc.ch\/fr\/wp-json\/wp\/v2\/product_tag?post=4166"}],"curies":[{"name":"wp","href":"https:\/\/api.w.org\/{rel}","templated":true}]}}