{"id":4595,"date":"2023-01-08T15:20:29","date_gmt":"2023-01-08T14:20:29","guid":{"rendered":"https:\/\/www.charmingc.ch\/shop\/non class\u00e9\/offre-de-beaute\/"},"modified":"2023-01-08T15:20:29","modified_gmt":"2023-01-08T14:20:29","slug":"beauty-bundle-fr","status":"publish","type":"product","link":"https:\/\/www.charmingc.ch\/fr\/shop\/liasses\/beauty-bundle-fr\/","title":{"rendered":"Offre de beaut\u00e9"},"content":{"rendered":"<p>Profitez de notre Beauty Bundle et donnez un coup de pouce \u00e0 votre bien-\u00eatre!<\/p>\n<p><strong>Gel de chanvre Aloe Vera<\/strong><\/p>\n<p>Prenez soin de votre peau s\u00e8che et irrit\u00e9e, que ce soit apr\u00e8s le rasage ou apr\u00e8s un bain de soleil. Ce gel \u00e0 l&rsquo;aloe vera et au chanvre p\u00e9n\u00e8tre rapidement, rafra\u00eechit et apaise votre peau. Nutritif et nourrissant, enrichi d&rsquo;huile de graines de chanvre, d&rsquo;huile de th\u00e9ier, d&rsquo;huile de citronnelle et de CBD. Hydratant et agr\u00e9ablement parfum\u00e9.<\/p>\n<p>Investissez dans votre bien-\u00eatre et d\u00e9couvrez comment ce gel \u00e0 l&rsquo;aloe vera et au chanvre vous rafra\u00eechira.<\/p>\n<p>Caract\u00e9ristiques principales :<\/p>\n<p>Hydrate la peau<br \/>\nCalme les irritations, les d\u00e9mangeaisons et les rougeurs de votre peau.<br \/>\nR\u00e9duire les rides, les imperfections et l&rsquo;acn\u00e9<br \/>\nAbsorbe rapidement<br \/>\nGu\u00e9rit les peaux irrit\u00e9es<br \/>\nMeilleur avant : 12 mois apr\u00e8s ouverture (PAO)<\/p>\n<p>Ingr\u00e9dients :<\/p>\n<p>Aqua, jus de feuilles d&rsquo;Aloe Barbadensis, glyc\u00e9rine, carbomer, huile de graines de chanvre, poudre de graines de chanvre, extrait de feuilles de Camellia Sinensis, huile de Cymbopogon Flexuosus (Lemongrass), tocoph\u00e9rol, ph\u00e9noxy\u00e9thanol, caprylyl glycol, hydroxyde de sodium, EDTA t\u00e9trasodique, acide citrique, sorbate de potassium, benzoate de sodium, citral.<\/p>\n<p><a href=\"https:\/\/www.charmingc.ch\/shop\/cosmetics\/aloe-vera-hemp-gel\/\" rel=\"noopener\" target=\"_blank\">Gel d&rsquo;Aloe Vera<\/a><\/p>\n<p><strong>Gel de chanvre \u00e0 l&rsquo;arnica<\/strong><\/p>\n<p>Le gel de chanvre \u00e0 l&rsquo;arnica r\u00e9duit les inflammations et convient aux tensions musculaires car il aide \u00e0 d\u00e9tendre les muscles. Vous pouvez utiliser le gel pour toutes les parties de la peau et surtout pour vos exercices sportifs. Le gel contient de l&rsquo;extrait d&rsquo;arnica, de l&rsquo;huile de graines de chanvre, du CBD, de la lavande et de la menthe poivr\u00e9e, qui aident \u00e9galement vos muscles \u00e0 se d\u00e9tendre.<\/p>\n<p>Domaine d&rsquo;application :<\/p>\n<p>Blessures des muscles, des tendons et des ligaments, telles que les blessures dues au sport, au travail et aux accidents, comme les entorses, les contusions, les foulures, les h\u00e9matomes mineurs, ainsi que les tendinites et les bursites.<\/p>\n<p>Caract\u00e9ristiques principales :<\/p>\n<p>Anti-douleur<br \/>\nAcc\u00e9l\u00e9rer la cicatrisation des plaies<br \/>\nRefroidissement<br \/>\nD\u00e9tente musculaire<br \/>\nAnti-inflammatoire<br \/>\nMeilleur avant : 12 mois apr\u00e8s ouverture (PAO)<\/p>\n<p>Ingr\u00e9dients :<\/p>\n<p>Aqua, Glycerin, Hemp Seed Oil, Hemp Extrakt, Arnica Montana Flower Extract, Lavendula Angustifoglia Flower Oil, Mentha Piperita Oil, Avena Sativa Kernel Extract, Solidago Virgaurea Extract, Euphrasia Officinalis Extract, Carbomer, Sodium Hydroxide, Alcohol Denat. EDTA t\u00e9trasodique, Caprylyl Glycol, Ph\u00e9noxy\u00e9thanol.<\/p>\n<p><a href=\"Arnica%20Hemp%20Gel\" rel=\"noopener\" target=\"_blank\">https:\/\/www.charmingc.ch\/shop\/cosmetics\/arnica-hemp-gel\/<\/a><\/p>\n<p><strong>Cr\u00e8me de chanvre au collag\u00e8ne<\/strong><\/p>\n<p>Cette cr\u00e8me au collag\u00e8ne anti-\u00e2ge convient \u00e0 tous les types de peau et vous pouvez l&rsquo;appliquer sur toutes les parties du corps, y compris le visage. La cr\u00e8me au collag\u00e8ne compense la perte constante d&rsquo;hydratation de votre peau. Il est nutritionnel et enrichi en huile de graines de chanvre et en CBD (cannabino\u00efdes).<\/p>\n<p>Caract\u00e9ristiques principales :<\/p>\n<p>Hydratant et nourrissant pour votre peau<br \/>\nProt\u00e8ge la peau contre les oxydants environnementaux<br \/>\nr\u00e9duire la pigmentation ou l&rsquo;assombrissement de la peau<br \/>\nralentir la formation des rides et ridules<br \/>\nr\u00e9duire la cellulite et les ondulations de la peau<br \/>\nMeilleur avant : 12 mois apr\u00e8s ouverture (PAO)<\/p>\n<p>Ingr\u00e9dients :<\/p>\n<p>Aqua, Isopropyl Myristate, Stearic Acid, Prunus Amygdalus dulcis Oil, Glyceryl Stearate, Propylene Glycol, Cera Alba, Cetearyl Alcohol, Hemp Seed Oil, Hemp Seed Powder, Prunus Persica Oil, Phenoxyethanol, Triethanolamine, Parfum, Sodium PCA, Disodium EDTA, Collagen, Decylene Glycol, Leuconostoc Root Ferment Filtrate, Tocopherol Acetate, Alcohol Denat. , Extrait de racine de Panax Ginseng, Extrait de fleur de Lavendula Angustifolia, Extrait de fleur de Chamomilla Recutita, Extrait de fleur de Symphytum Officialis, Limon\u00e8ne, Linalool.<\/p>\n<p><a href=\"https:\/\/www.charmingc.ch\/shop\/cosmetics\/collagen-hemp-cream\/\" rel=\"noopener\" target=\"_blank\">Cr\u00e8me de chanvre au collag\u00e8ne<\/a><\/p>\n","protected":false},"excerpt":{"rendered":"<p>Notre offre beaut\u00e9 comprend une s\u00e9lection de nos produits de beaut\u00e9 les mieux not\u00e9s, infus\u00e9s de CBD nourrissant, d&rsquo;aloe vera, de collag\u00e8ne et d&rsquo;arnica. Ces ingr\u00e9dients naturels agissent ensemble pour favoriser la sant\u00e9 de votre peau et de vos muscles, vous laissant ainsi le sentiment d&rsquo;\u00eatre dorlot\u00e9 et g\u00e2t\u00e9. Que vous souhaitiez donner un coup de fouet \u00e0 votre routine beaut\u00e9 ou simplement prendre soin de vous, notre offre beaut\u00e9 contient tout ce dont vous avez besoin pour une exp\u00e9rience luxueuse et rajeunissante.<\/p>\n","protected":false},"featured_media":4605,"comment_status":"open","ping_status":"closed","template":"","meta":{"_et_pb_use_builder":"","_et_pb_old_content":"","_et_gb_content_width":""},"product_brand":[],"product_cat":[77],"product_tag":[],"class_list":{"0":"post-4595","1":"product","2":"type-product","3":"status-publish","4":"has-post-thumbnail","6":"product_cat-liasses","8":"first","9":"instock","10":"sale","11":"taxable","12":"shipping-taxable","13":"purchasable","14":"product-type-simple"},"yoast_head":"<!-- This site is optimized with the Yoast SEO plugin v26.9 - https:\/\/yoast.com\/product\/yoast-seo-wordpress\/ -->\n<title>Offre de beaut\u00e9 - CharmingC - Bio CBD \u00d6l aus der Schweiz | Natural Wellness<\/title>\n<meta name=\"description\" content=\"Offrez-vous l&#039;ultime exp\u00e9rience de dorlotage avec notre luxueux Beauty Bundle. Infus\u00e9 de CBD, d&#039;aloe vera, de collag\u00e8ne et d&#039;arnica, cet ensemble est parfait pour nourrir et rajeunir votre peau et vos muscles. Que vous cherchiez \u00e0 donner un coup de pouce \u00e0 votre routine beaut\u00e9 ou que vous souhaitiez simplement vous faire plaisir, notre Beauty Bundle a de quoi satisfaire tout le monde.\" \/>\n<meta name=\"robots\" content=\"index, follow, max-snippet:-1, max-image-preview:large, max-video-preview:-1\" \/>\n<link rel=\"canonical\" href=\"https:\/\/www.charmingc.ch\/fr\/shop\/liasses\/offre-de-beaute\/\" \/>\n<meta property=\"og:locale\" content=\"fr_FR\" \/>\n<meta property=\"og:type\" content=\"article\" \/>\n<meta property=\"og:title\" content=\"Offre de beaut\u00e9 - CharmingC - Bio CBD \u00d6l aus der Schweiz | Natural Wellness\" \/>\n<meta property=\"og:description\" content=\"Offrez-vous l&#039;ultime exp\u00e9rience de dorlotage avec notre luxueux Beauty Bundle. Infus\u00e9 de CBD, d&#039;aloe vera, de collag\u00e8ne et d&#039;arnica, cet ensemble est parfait pour nourrir et rajeunir votre peau et vos muscles. Que vous cherchiez \u00e0 donner un coup de pouce \u00e0 votre routine beaut\u00e9 ou que vous souhaitiez simplement vous faire plaisir, notre Beauty Bundle a de quoi satisfaire tout le monde.\" \/>\n<meta property=\"og:url\" content=\"https:\/\/www.charmingc.ch\/fr\/shop\/liasses\/offre-de-beaute\/\" \/>\n<meta property=\"og:site_name\" content=\"CharmingC - Bio CBD \u00d6l aus der Schweiz | Natural Wellness\" \/>\n<meta property=\"article:publisher\" content=\"https:\/\/web.facebook.com\/CharmingC-101024288710328\" \/>\n<meta property=\"og:image\" content=\"https:\/\/i0.wp.com\/www.charmingc.ch\/wp-content\/uploads\/2023\/01\/Beauty_Bundle_Set_CharmingC_AloeVera_Collagen_Arnica-1.jpg?fit=600%2C600&ssl=1\" \/>\n\t<meta property=\"og:image:width\" content=\"600\" \/>\n\t<meta property=\"og:image:height\" content=\"600\" \/>\n\t<meta property=\"og:image:type\" content=\"image\/jpeg\" \/>\n<meta name=\"twitter:card\" content=\"summary_large_image\" \/>\n<meta name=\"twitter:site\" content=\"@_CharmingC_\" \/>\n<meta name=\"twitter:label1\" content=\"Dur\u00e9e de lecture estim\u00e9e\" \/>\n\t<meta name=\"twitter:data1\" content=\"3 minutes\" \/>\n<script type=\"application\/ld+json\" class=\"yoast-schema-graph\">{\"@context\":\"https:\/\/schema.org\",\"@graph\":[{\"@type\":\"WebPage\",\"@id\":\"https:\/\/www.charmingc.ch\/fr\/shop\/liasses\/offre-de-beaute\/\",\"url\":\"https:\/\/www.charmingc.ch\/fr\/shop\/liasses\/offre-de-beaute\/\",\"name\":\"Offre de beaut\u00e9 - CharmingC - Bio CBD \u00d6l aus der Schweiz | Natural Wellness\",\"isPartOf\":{\"@id\":\"https:\/\/www.charmingc.ch\/#website\"},\"primaryImageOfPage\":{\"@id\":\"https:\/\/www.charmingc.ch\/fr\/shop\/liasses\/offre-de-beaute\/#primaryimage\"},\"image\":{\"@id\":\"https:\/\/www.charmingc.ch\/fr\/shop\/liasses\/offre-de-beaute\/#primaryimage\"},\"thumbnailUrl\":\"https:\/\/www.charmingc.ch\/wp-content\/uploads\/2023\/01\/CharmingC_Beauty_Bundle_Set.jpg\",\"datePublished\":\"2023-01-08T14:20:29+00:00\",\"description\":\"Offrez-vous l'ultime exp\u00e9rience de dorlotage avec notre luxueux Beauty Bundle. Infus\u00e9 de CBD, d'aloe vera, de collag\u00e8ne et d'arnica, cet ensemble est parfait pour nourrir et rajeunir votre peau et vos muscles. Que vous cherchiez \u00e0 donner un coup de pouce \u00e0 votre routine beaut\u00e9 ou que vous souhaitiez simplement vous faire plaisir, notre Beauty Bundle a de quoi satisfaire tout le monde.\",\"breadcrumb\":{\"@id\":\"https:\/\/www.charmingc.ch\/fr\/shop\/liasses\/offre-de-beaute\/#breadcrumb\"},\"inLanguage\":\"fr-FR\",\"potentialAction\":[{\"@type\":\"ReadAction\",\"target\":[\"https:\/\/www.charmingc.ch\/fr\/shop\/liasses\/offre-de-beaute\/\"]}]},{\"@type\":\"ImageObject\",\"inLanguage\":\"fr-FR\",\"@id\":\"https:\/\/www.charmingc.ch\/fr\/shop\/liasses\/offre-de-beaute\/#primaryimage\",\"url\":\"https:\/\/www.charmingc.ch\/wp-content\/uploads\/2023\/01\/CharmingC_Beauty_Bundle_Set.jpg\",\"contentUrl\":\"https:\/\/www.charmingc.ch\/wp-content\/uploads\/2023\/01\/CharmingC_Beauty_Bundle_Set.jpg\",\"width\":600,\"height\":600,\"caption\":\"Enhance your natural beauty with our luxurious Beauty Bundle. Formulated with CBD, Aloe Vera, Collagen, and Arnica, this bundle is perfect for nourishing and rejuvenating your skin and muscles. Indulge in the ultimate pampering experience and achieve a radiant and healthy appearance.\"},{\"@type\":\"BreadcrumbList\",\"@id\":\"https:\/\/www.charmingc.ch\/fr\/shop\/liasses\/offre-de-beaute\/#breadcrumb\",\"itemListElement\":[{\"@type\":\"ListItem\",\"position\":1,\"name\":\"Home\",\"item\":\"https:\/\/www.charmingc.ch\/\"},{\"@type\":\"ListItem\",\"position\":2,\"name\":\"Shop\",\"item\":\"https:\/\/www.charmingc.ch\/shop\/\"},{\"@type\":\"ListItem\",\"position\":3,\"name\":\"Offre de beaut\u00e9\"}]},{\"@type\":\"WebSite\",\"@id\":\"https:\/\/www.charmingc.ch\/#website\",\"url\":\"https:\/\/www.charmingc.ch\/\",\"name\":\"CharmingC CBD\",\"description\":\"CBD \u00d6l 10% kaufen - Bio Full Spectrum | CharmingC Schweiz\",\"publisher\":{\"@id\":\"https:\/\/www.charmingc.ch\/#organization\"},\"potentialAction\":[{\"@type\":\"SearchAction\",\"target\":{\"@type\":\"EntryPoint\",\"urlTemplate\":\"https:\/\/www.charmingc.ch\/?s={search_term_string}\"},\"query-input\":{\"@type\":\"PropertyValueSpecification\",\"valueRequired\":true,\"valueName\":\"search_term_string\"}}],\"inLanguage\":\"fr-FR\"},{\"@type\":\"Organization\",\"@id\":\"https:\/\/www.charmingc.ch\/#organization\",\"name\":\"CharmingC\",\"url\":\"https:\/\/www.charmingc.ch\/\",\"logo\":{\"@type\":\"ImageObject\",\"inLanguage\":\"fr-FR\",\"@id\":\"https:\/\/www.charmingc.ch\/#\/schema\/logo\/image\/\",\"url\":\"https:\/\/www.charmingc.ch\/wp-content\/uploads\/2021\/03\/CCLogo_Gold.png\",\"contentUrl\":\"https:\/\/www.charmingc.ch\/wp-content\/uploads\/2021\/03\/CCLogo_Gold.png\",\"width\":1200,\"height\":1100,\"caption\":\"CharmingC\"},\"image\":{\"@id\":\"https:\/\/www.charmingc.ch\/#\/schema\/logo\/image\/\"},\"sameAs\":[\"https:\/\/web.facebook.com\/CharmingC-101024288710328\",\"https:\/\/x.com\/_CharmingC_\",\"https:\/\/www.instagram.com\/_charmingc_\/\",\"https:\/\/www.tiktok.com\/@charmingc.ch\"]}]}<\/script>\n<!-- \/ Yoast SEO plugin. -->","yoast_head_json":{"title":"Offre de beaut\u00e9 - CharmingC - Bio CBD \u00d6l aus der Schweiz | Natural Wellness","description":"Offrez-vous l'ultime exp\u00e9rience de dorlotage avec notre luxueux Beauty Bundle. Infus\u00e9 de CBD, d'aloe vera, de collag\u00e8ne et d'arnica, cet ensemble est parfait pour nourrir et rajeunir votre peau et vos muscles. Que vous cherchiez \u00e0 donner un coup de pouce \u00e0 votre routine beaut\u00e9 ou que vous souhaitiez simplement vous faire plaisir, notre Beauty Bundle a de quoi satisfaire tout le monde.","robots":{"index":"index","follow":"follow","max-snippet":"max-snippet:-1","max-image-preview":"max-image-preview:large","max-video-preview":"max-video-preview:-1"},"canonical":"https:\/\/www.charmingc.ch\/fr\/shop\/liasses\/offre-de-beaute\/","og_locale":"fr_FR","og_type":"article","og_title":"Offre de beaut\u00e9 - CharmingC - Bio CBD \u00d6l aus der Schweiz | Natural Wellness","og_description":"Offrez-vous l'ultime exp\u00e9rience de dorlotage avec notre luxueux Beauty Bundle. Infus\u00e9 de CBD, d'aloe vera, de collag\u00e8ne et d'arnica, cet ensemble est parfait pour nourrir et rajeunir votre peau et vos muscles. Que vous cherchiez \u00e0 donner un coup de pouce \u00e0 votre routine beaut\u00e9 ou que vous souhaitiez simplement vous faire plaisir, notre Beauty Bundle a de quoi satisfaire tout le monde.","og_url":"https:\/\/www.charmingc.ch\/fr\/shop\/liasses\/offre-de-beaute\/","og_site_name":"CharmingC - Bio CBD \u00d6l aus der Schweiz | Natural Wellness","article_publisher":"https:\/\/web.facebook.com\/CharmingC-101024288710328","og_image":[{"width":600,"height":600,"url":"https:\/\/i0.wp.com\/www.charmingc.ch\/wp-content\/uploads\/2023\/01\/Beauty_Bundle_Set_CharmingC_AloeVera_Collagen_Arnica-1.jpg?fit=600%2C600&ssl=1","type":"image\/jpeg"}],"twitter_card":"summary_large_image","twitter_site":"@_CharmingC_","twitter_misc":{"Dur\u00e9e de lecture estim\u00e9e":"3 minutes"},"schema":{"@context":"https:\/\/schema.org","@graph":[{"@type":"WebPage","@id":"https:\/\/www.charmingc.ch\/fr\/shop\/liasses\/offre-de-beaute\/","url":"https:\/\/www.charmingc.ch\/fr\/shop\/liasses\/offre-de-beaute\/","name":"Offre de beaut\u00e9 - CharmingC - Bio CBD \u00d6l aus der Schweiz | Natural Wellness","isPartOf":{"@id":"https:\/\/www.charmingc.ch\/#website"},"primaryImageOfPage":{"@id":"https:\/\/www.charmingc.ch\/fr\/shop\/liasses\/offre-de-beaute\/#primaryimage"},"image":{"@id":"https:\/\/www.charmingc.ch\/fr\/shop\/liasses\/offre-de-beaute\/#primaryimage"},"thumbnailUrl":"https:\/\/www.charmingc.ch\/wp-content\/uploads\/2023\/01\/CharmingC_Beauty_Bundle_Set.jpg","datePublished":"2023-01-08T14:20:29+00:00","description":"Offrez-vous l'ultime exp\u00e9rience de dorlotage avec notre luxueux Beauty Bundle. Infus\u00e9 de CBD, d'aloe vera, de collag\u00e8ne et d'arnica, cet ensemble est parfait pour nourrir et rajeunir votre peau et vos muscles. Que vous cherchiez \u00e0 donner un coup de pouce \u00e0 votre routine beaut\u00e9 ou que vous souhaitiez simplement vous faire plaisir, notre Beauty Bundle a de quoi satisfaire tout le monde.","breadcrumb":{"@id":"https:\/\/www.charmingc.ch\/fr\/shop\/liasses\/offre-de-beaute\/#breadcrumb"},"inLanguage":"fr-FR","potentialAction":[{"@type":"ReadAction","target":["https:\/\/www.charmingc.ch\/fr\/shop\/liasses\/offre-de-beaute\/"]}]},{"@type":"ImageObject","inLanguage":"fr-FR","@id":"https:\/\/www.charmingc.ch\/fr\/shop\/liasses\/offre-de-beaute\/#primaryimage","url":"https:\/\/www.charmingc.ch\/wp-content\/uploads\/2023\/01\/CharmingC_Beauty_Bundle_Set.jpg","contentUrl":"https:\/\/www.charmingc.ch\/wp-content\/uploads\/2023\/01\/CharmingC_Beauty_Bundle_Set.jpg","width":600,"height":600,"caption":"Enhance your natural beauty with our luxurious Beauty Bundle. Formulated with CBD, Aloe Vera, Collagen, and Arnica, this bundle is perfect for nourishing and rejuvenating your skin and muscles. Indulge in the ultimate pampering experience and achieve a radiant and healthy appearance."},{"@type":"BreadcrumbList","@id":"https:\/\/www.charmingc.ch\/fr\/shop\/liasses\/offre-de-beaute\/#breadcrumb","itemListElement":[{"@type":"ListItem","position":1,"name":"Home","item":"https:\/\/www.charmingc.ch\/"},{"@type":"ListItem","position":2,"name":"Shop","item":"https:\/\/www.charmingc.ch\/shop\/"},{"@type":"ListItem","position":3,"name":"Offre de beaut\u00e9"}]},{"@type":"WebSite","@id":"https:\/\/www.charmingc.ch\/#website","url":"https:\/\/www.charmingc.ch\/","name":"CharmingC CBD","description":"CBD \u00d6l 10% kaufen - Bio Full Spectrum | CharmingC Schweiz","publisher":{"@id":"https:\/\/www.charmingc.ch\/#organization"},"potentialAction":[{"@type":"SearchAction","target":{"@type":"EntryPoint","urlTemplate":"https:\/\/www.charmingc.ch\/?s={search_term_string}"},"query-input":{"@type":"PropertyValueSpecification","valueRequired":true,"valueName":"search_term_string"}}],"inLanguage":"fr-FR"},{"@type":"Organization","@id":"https:\/\/www.charmingc.ch\/#organization","name":"CharmingC","url":"https:\/\/www.charmingc.ch\/","logo":{"@type":"ImageObject","inLanguage":"fr-FR","@id":"https:\/\/www.charmingc.ch\/#\/schema\/logo\/image\/","url":"https:\/\/www.charmingc.ch\/wp-content\/uploads\/2021\/03\/CCLogo_Gold.png","contentUrl":"https:\/\/www.charmingc.ch\/wp-content\/uploads\/2021\/03\/CCLogo_Gold.png","width":1200,"height":1100,"caption":"CharmingC"},"image":{"@id":"https:\/\/www.charmingc.ch\/#\/schema\/logo\/image\/"},"sameAs":["https:\/\/web.facebook.com\/CharmingC-101024288710328","https:\/\/x.com\/_CharmingC_","https:\/\/www.instagram.com\/_charmingc_\/","https:\/\/www.tiktok.com\/@charmingc.ch"]}]}},"_links":{"self":[{"href":"https:\/\/www.charmingc.ch\/fr\/wp-json\/wp\/v2\/product\/4595","targetHints":{"allow":["GET"]}}],"collection":[{"href":"https:\/\/www.charmingc.ch\/fr\/wp-json\/wp\/v2\/product"}],"about":[{"href":"https:\/\/www.charmingc.ch\/fr\/wp-json\/wp\/v2\/types\/product"}],"replies":[{"embeddable":true,"href":"https:\/\/www.charmingc.ch\/fr\/wp-json\/wp\/v2\/comments?post=4595"}],"wp:featuredmedia":[{"embeddable":true,"href":"https:\/\/www.charmingc.ch\/fr\/wp-json\/wp\/v2\/media\/4605"}],"wp:attachment":[{"href":"https:\/\/www.charmingc.ch\/fr\/wp-json\/wp\/v2\/media?parent=4595"}],"wp:term":[{"taxonomy":"product_brand","embeddable":true,"href":"https:\/\/www.charmingc.ch\/fr\/wp-json\/wp\/v2\/product_brand?post=4595"},{"taxonomy":"product_cat","embeddable":true,"href":"https:\/\/www.charmingc.ch\/fr\/wp-json\/wp\/v2\/product_cat?post=4595"},{"taxonomy":"product_tag","embeddable":true,"href":"https:\/\/www.charmingc.ch\/fr\/wp-json\/wp\/v2\/product_tag?post=4595"}],"curies":[{"name":"wp","href":"https:\/\/api.w.org\/{rel}","templated":true}]}}