{"id":4601,"date":"2023-01-08T16:22:31","date_gmt":"2023-01-08T15:22:31","guid":{"rendered":"https:\/\/www.charmingc.ch\/shop\/non%20class\u00e9\/paquet-sante\/"},"modified":"2023-09-24T11:57:08","modified_gmt":"2023-09-24T09:57:08","slug":"health-bundle-fr","status":"publish","type":"product","link":"https:\/\/www.charmingc.ch\/fr\/shop\/liasses\/health-bundle-fr\/","title":{"rendered":"Paquet sant\u00e9"},"content":{"rendered":"<p>Profitez de notre offre group\u00e9e \u00ab\u00a0Sant\u00e9\u00a0\u00bb et donnez un coup de pouce \u00e0 votre bien-\u00eatre!<\/p>\n<p><strong>CHARMINGC Huile CBD<\/strong><\/p>\n<p>Contenu : 10ml<br \/>\nDosage de CBD : 10%<br \/>\nHuile de CBD \u00e0 spectre complet<br \/>\nGo\u00fbt naturel<br \/>\nCBD dans l&rsquo;huile MCT issue de l&rsquo;agriculture biologique<br \/>\nNotre huile de CBD provient d&rsquo;une ferme de chanvre en Suisse et est extraite par ultrasons. Par cons\u00e9quent, il contient toutes les caract\u00e9ristiques b\u00e9n\u00e9fiques de la plante de chanvre, y compris le CBD, le CBDA, le CBG et une vari\u00e9t\u00e9 de compos\u00e9s v\u00e9g\u00e9taux secondaires.<br \/>\nNotre extrait de chanvre biologique \u00e0 spectre complet est associ\u00e9 \u00e0 une base d&rsquo;huile MCT biologique pour cr\u00e9er ce produit simple et propre. Pour une exp\u00e9rience premium et d\u00e9licieuse du CBD, ajoutez notre teinture naturelle \u00e0 vos boissons ou produits de boulangerie pr\u00e9f\u00e9r\u00e9s. Il peut \u00e9galement \u00eatre utilis\u00e9 pour des lotions ou des sels de bain.<\/p>\n<p>Pour garantir la force et la puret\u00e9, chaque lot de notre recette d&rsquo;huile de CBD \u00e0 spectre complet est analys\u00e9 par des laboratoires tiers. Veuillez consulter le lien ci-dessous pour une analyse compl\u00e8te du laboratoire.<\/p>\n<p>INGREDIENTS :<br \/>\nExtrait de feuilles\/de vapeur de Chanvre Sativa biologique, huile MCT biologique.<\/p>\n<p>DISTRIBU\u00c9 PAR :<br \/>\nCharming Group GmbH<br \/>\nwww.charmingc.ch<\/p>\n<p><a href=\"https:\/\/www.charmingc.ch\/shop\/extracts\/organic-cbd-oil\/\">10% Huile de CBD<\/a><\/p>\n<p><strong>CHARMC CURCUMA PROT\u00c9GER<\/strong><\/p>\n<p>Contenu : 10ml<br \/>\nVitamines E et D3 100 % naturelles<br \/>\nSans sucre ajout\u00e9<br \/>\n40 portions<br \/>\nSans lactose, v\u00e9g\u00e9talien, sans gluten.<br \/>\nQUALIT\u00c9<br \/>\nLa biodisponibilit\u00e9 \u00e9lev\u00e9e des extraits de curcuma premium solubles dans l&rsquo;eau est particuli\u00e8rement remarquable. Cela permet aux compos\u00e9s v\u00e9g\u00e9taux souhait\u00e9s d&rsquo;\u00eatre mieux absorb\u00e9s par le corps humain, comme la curcumine, un ingr\u00e9dient v\u00e9g\u00e9tal secondaire. En cons\u00e9quence, l&rsquo;efficacit\u00e9 de nos produits \u00e0 base de curcuma s&rsquo;am\u00e9liore. Nos extraits de curcuma peuvent \u00eatre facilement dissous dans n&rsquo;importe quel liquide et sont donc agr\u00e9ables \u00e0 ing\u00e9rer en raison de leurs qualit\u00e9s hydrosolubles.<\/p>\n<p>Les vitamines E et D3 sont pr\u00e9sentes dans l&rsquo;extrait de curcuma. La vitamine D aide le syst\u00e8me immunitaire \u00e0 fonctionner normalement, et la vitamine E aide les cellules \u00e0 se prot\u00e9ger du stress oxydatif.<\/p>\n<p>Le Curcuma Protect renforce la r\u00e9sistance aux facteurs de stress environnementaux quotidiens. La curcumine reconna\u00eet l&rsquo;inflammation dans le corps, renforce la capacit\u00e9 antioxydante et poss\u00e8de des propri\u00e9t\u00e9s anti-inflammatoires. Il favorise la sant\u00e9 d&rsquo;une mani\u00e8re simple et naturelle. La vitamine D3 (chol\u00e9calcif\u00e9rol) facilite l&rsquo;absorption du calcium et du phosphore dans l&rsquo;intestin. Il contr\u00f4le l&rsquo;absorption des min\u00e9raux et les niveaux de calcium dans le sang. La vitamine E antioxydante, qui poss\u00e8de des propri\u00e9t\u00e9s de protection des cellules et ralentit le processus de vieillissement, est le combo id\u00e9al pour am\u00e9liorer la sant\u00e9.<\/p>\n<p>DOSE RECOMMAND\u00c9E<br \/>\nBuvez 0,25 ml (environ 5 gouttes) dissous dans de l&rsquo;eau ou du lait 2 fois par jour. Ne pas d\u00e9passer la dose journali\u00e8re recommand\u00e9e. Stocker \u00e0 l&rsquo;abri de la lumi\u00e8re et hors de port\u00e9e des enfants. Agitez bien avant l&rsquo;utilisation. Pour dissoudre toute solidification du liquide, r\u00e9chauffez doucement la bouteille.<\/p>\n<p>INGREDIENTS :<br \/>\nEau, Emulgateur : Gummi arabicum, Curcuminoide (Curcuma, longa), DL-alpha-Tocopherol (Vitamine E), Cholecalciferol (Vitamine D3)<\/p>\n<p>DISTRIBU\u00c9 PAR :<br \/>\nCharming Group GmbH<br \/>\nwww.charmingc.ch<\/p>\n<p><a href=\"https:\/\/www.charmingc.ch\/shop\/extracts\/curcuma-protect\/\" rel=\"noopener\" target=\"_blank\">Curcuma Protect<\/a><\/p>\n","protected":false},"excerpt":{"rendered":"<p>Ce bundle de bien-\u00eatre et de sant\u00e9 comprend une huile de CBD \u00e0 spectre complet \u00e0 10% et un compl\u00e9ment de curcumin pour soutenir la sant\u00e9 et le bien-\u00eatre g\u00e9n\u00e9raux. L&rsquo;huile de CBD est d\u00e9riv\u00e9e d&rsquo;une vari\u00e9t\u00e9 de plantes de chanvre afin de fournir un spectre complet de cannabino\u00efdes, de terp\u00e8nes et d&rsquo;autres compos\u00e9s v\u00e9g\u00e9taux b\u00e9n\u00e9fiques. La curcumine, un compos\u00e9 cl\u00e9 pr\u00e9sent dans le curcuma, est connue pour ses propri\u00e9t\u00e9s antioxydantes et anti-inflammatoires. Ensemble, ces produits constituent un moyen naturel de soutenir les processus de gu\u00e9rison naturels de votre corps et de maintenir une sant\u00e9 optimale.<\/p>\n","protected":false},"featured_media":4598,"comment_status":"open","ping_status":"closed","template":"","meta":{"_et_pb_use_builder":"","_et_pb_old_content":"","_et_gb_content_width":""},"product_brand":[],"product_cat":[77],"product_tag":[294,293,297,298,292,295,290,296,289,291,299],"class_list":{"0":"post-4601","1":"product","2":"type-product","3":"status-publish","4":"has-post-thumbnail","6":"product_cat-liasses","7":"product_tag-anti-inflammatoire","8":"product_tag-antioxydant","9":"product_tag-chanvre","10":"product_tag-curcuma","11":"product_tag-curcumine","12":"product_tag-guerison-naturelle","13":"product_tag-huile-de-cbd","14":"product_tag-la-sante-optimale","15":"product_tag-sante-et-bien-etre","16":"product_tag-spectre-complet","17":"product_tag-supplements-fr","19":"first","20":"outofstock","21":"sale","22":"taxable","23":"shipping-taxable","24":"purchasable","25":"product-type-simple"},"yoast_head":"<!-- This site is optimized with the Yoast SEO plugin v26.9 - https:\/\/yoast.com\/product\/yoast-seo-wordpress\/ -->\n<title>Paquet sant\u00e9 - CharmingC - Bio CBD \u00d6l aus der Schweiz | Natural Wellness<\/title>\n<meta name=\"description\" content=\"Ce bundle de bien-\u00eatre et de sant\u00e9 comprend une huile de CBD \u00e0 spectre complet \u00e0 10% et un compl\u00e9ment de curcumin pour soutenir la sant\u00e9 et le bien-\u00eatre g\u00e9n\u00e9raux. L&#039;huile de CBD est d\u00e9riv\u00e9e d&#039;une vari\u00e9t\u00e9 de plantes de chanvre afin de fournir un spectre complet de cannabino\u00efdes, de terp\u00e8nes et d&#039;autres compos\u00e9s v\u00e9g\u00e9taux b\u00e9n\u00e9fiques. La curcumine, un compos\u00e9 cl\u00e9 pr\u00e9sent dans le curcuma, est connue pour ses propri\u00e9t\u00e9s antioxydantes et anti-inflammatoires. Ensemble, ces produits constituent un moyen naturel de soutenir les processus de gu\u00e9rison naturels de votre corps et de maintenir une sant\u00e9 optimale.\" \/>\n<meta name=\"robots\" content=\"index, follow, max-snippet:-1, max-image-preview:large, max-video-preview:-1\" \/>\n<link rel=\"canonical\" href=\"https:\/\/www.charmingc.ch\/fr\/shop\/liasses\/health-bundle-fr\/\" \/>\n<meta property=\"og:locale\" content=\"fr_FR\" \/>\n<meta property=\"og:type\" content=\"article\" \/>\n<meta property=\"og:title\" content=\"Paquet sant\u00e9 - CharmingC - Bio CBD \u00d6l aus der Schweiz | Natural Wellness\" \/>\n<meta property=\"og:description\" content=\"Ce bundle de bien-\u00eatre et de sant\u00e9 comprend une huile de CBD \u00e0 spectre complet \u00e0 10% et un compl\u00e9ment de curcumin pour soutenir la sant\u00e9 et le bien-\u00eatre g\u00e9n\u00e9raux. L&#039;huile de CBD est d\u00e9riv\u00e9e d&#039;une vari\u00e9t\u00e9 de plantes de chanvre afin de fournir un spectre complet de cannabino\u00efdes, de terp\u00e8nes et d&#039;autres compos\u00e9s v\u00e9g\u00e9taux b\u00e9n\u00e9fiques. La curcumine, un compos\u00e9 cl\u00e9 pr\u00e9sent dans le curcuma, est connue pour ses propri\u00e9t\u00e9s antioxydantes et anti-inflammatoires. Ensemble, ces produits constituent un moyen naturel de soutenir les processus de gu\u00e9rison naturels de votre corps et de maintenir une sant\u00e9 optimale.\" \/>\n<meta property=\"og:url\" content=\"https:\/\/www.charmingc.ch\/fr\/shop\/liasses\/health-bundle-fr\/\" \/>\n<meta property=\"og:site_name\" content=\"CharmingC - Bio CBD \u00d6l aus der Schweiz | Natural Wellness\" \/>\n<meta property=\"article:publisher\" content=\"https:\/\/web.facebook.com\/CharmingC-101024288710328\" \/>\n<meta property=\"article:modified_time\" content=\"2023-09-24T09:57:08+00:00\" \/>\n<meta property=\"og:image\" content=\"https:\/\/i0.wp.com\/www.charmingc.ch\/wp-content\/uploads\/2023\/01\/CharmingC_Health_Bundle.jpg?fit=600%2C600&ssl=1\" \/>\n\t<meta property=\"og:image:width\" content=\"600\" \/>\n\t<meta property=\"og:image:height\" content=\"600\" \/>\n\t<meta property=\"og:image:type\" content=\"image\/jpeg\" \/>\n<meta name=\"twitter:card\" content=\"summary_large_image\" \/>\n<meta name=\"twitter:site\" content=\"@_CharmingC_\" \/>\n<meta name=\"twitter:label1\" content=\"Dur\u00e9e de lecture estim\u00e9e\" \/>\n\t<meta name=\"twitter:data1\" content=\"3 minutes\" \/>\n<script type=\"application\/ld+json\" class=\"yoast-schema-graph\">{\"@context\":\"https:\/\/schema.org\",\"@graph\":[{\"@type\":\"WebPage\",\"@id\":\"https:\/\/www.charmingc.ch\/fr\/shop\/liasses\/health-bundle-fr\/\",\"url\":\"https:\/\/www.charmingc.ch\/fr\/shop\/liasses\/health-bundle-fr\/\",\"name\":\"Paquet sant\u00e9 - CharmingC - Bio CBD \u00d6l aus der Schweiz | Natural Wellness\",\"isPartOf\":{\"@id\":\"https:\/\/www.charmingc.ch\/#website\"},\"primaryImageOfPage\":{\"@id\":\"https:\/\/www.charmingc.ch\/fr\/shop\/liasses\/health-bundle-fr\/#primaryimage\"},\"image\":{\"@id\":\"https:\/\/www.charmingc.ch\/fr\/shop\/liasses\/health-bundle-fr\/#primaryimage\"},\"thumbnailUrl\":\"https:\/\/www.charmingc.ch\/wp-content\/uploads\/2023\/01\/CharmingC_Health_Bundle.jpg\",\"datePublished\":\"2023-01-08T15:22:31+00:00\",\"dateModified\":\"2023-09-24T09:57:08+00:00\",\"description\":\"Ce bundle de bien-\u00eatre et de sant\u00e9 comprend une huile de CBD \u00e0 spectre complet \u00e0 10% et un compl\u00e9ment de curcumin pour soutenir la sant\u00e9 et le bien-\u00eatre g\u00e9n\u00e9raux. L'huile de CBD est d\u00e9riv\u00e9e d'une vari\u00e9t\u00e9 de plantes de chanvre afin de fournir un spectre complet de cannabino\u00efdes, de terp\u00e8nes et d'autres compos\u00e9s v\u00e9g\u00e9taux b\u00e9n\u00e9fiques. La curcumine, un compos\u00e9 cl\u00e9 pr\u00e9sent dans le curcuma, est connue pour ses propri\u00e9t\u00e9s antioxydantes et anti-inflammatoires. Ensemble, ces produits constituent un moyen naturel de soutenir les processus de gu\u00e9rison naturels de votre corps et de maintenir une sant\u00e9 optimale.\",\"breadcrumb\":{\"@id\":\"https:\/\/www.charmingc.ch\/fr\/shop\/liasses\/health-bundle-fr\/#breadcrumb\"},\"inLanguage\":\"fr-FR\",\"potentialAction\":[{\"@type\":\"ReadAction\",\"target\":[\"https:\/\/www.charmingc.ch\/fr\/shop\/liasses\/health-bundle-fr\/\"]}]},{\"@type\":\"ImageObject\",\"inLanguage\":\"fr-FR\",\"@id\":\"https:\/\/www.charmingc.ch\/fr\/shop\/liasses\/health-bundle-fr\/#primaryimage\",\"url\":\"https:\/\/www.charmingc.ch\/wp-content\/uploads\/2023\/01\/CharmingC_Health_Bundle.jpg\",\"contentUrl\":\"https:\/\/www.charmingc.ch\/wp-content\/uploads\/2023\/01\/CharmingC_Health_Bundle.jpg\",\"width\":600,\"height\":600,\"caption\":\"Support your overall health and well-being with our bundle featuring a 10% CBD oil full spectrum and a curcumin supplement. These natural products work together to promote natural healing and optimal health.\"},{\"@type\":\"BreadcrumbList\",\"@id\":\"https:\/\/www.charmingc.ch\/fr\/shop\/liasses\/health-bundle-fr\/#breadcrumb\",\"itemListElement\":[{\"@type\":\"ListItem\",\"position\":1,\"name\":\"Home\",\"item\":\"https:\/\/www.charmingc.ch\/\"},{\"@type\":\"ListItem\",\"position\":2,\"name\":\"Shop\",\"item\":\"https:\/\/www.charmingc.ch\/shop\/\"},{\"@type\":\"ListItem\",\"position\":3,\"name\":\"Paquet sant\u00e9\"}]},{\"@type\":\"WebSite\",\"@id\":\"https:\/\/www.charmingc.ch\/#website\",\"url\":\"https:\/\/www.charmingc.ch\/\",\"name\":\"CharmingC CBD\",\"description\":\"CBD \u00d6l 10% kaufen - Bio Full Spectrum | CharmingC Schweiz\",\"publisher\":{\"@id\":\"https:\/\/www.charmingc.ch\/#organization\"},\"potentialAction\":[{\"@type\":\"SearchAction\",\"target\":{\"@type\":\"EntryPoint\",\"urlTemplate\":\"https:\/\/www.charmingc.ch\/?s={search_term_string}\"},\"query-input\":{\"@type\":\"PropertyValueSpecification\",\"valueRequired\":true,\"valueName\":\"search_term_string\"}}],\"inLanguage\":\"fr-FR\"},{\"@type\":\"Organization\",\"@id\":\"https:\/\/www.charmingc.ch\/#organization\",\"name\":\"CharmingC\",\"url\":\"https:\/\/www.charmingc.ch\/\",\"logo\":{\"@type\":\"ImageObject\",\"inLanguage\":\"fr-FR\",\"@id\":\"https:\/\/www.charmingc.ch\/#\/schema\/logo\/image\/\",\"url\":\"https:\/\/www.charmingc.ch\/wp-content\/uploads\/2021\/03\/CCLogo_Gold.png\",\"contentUrl\":\"https:\/\/www.charmingc.ch\/wp-content\/uploads\/2021\/03\/CCLogo_Gold.png\",\"width\":1200,\"height\":1100,\"caption\":\"CharmingC\"},\"image\":{\"@id\":\"https:\/\/www.charmingc.ch\/#\/schema\/logo\/image\/\"},\"sameAs\":[\"https:\/\/web.facebook.com\/CharmingC-101024288710328\",\"https:\/\/x.com\/_CharmingC_\",\"https:\/\/www.instagram.com\/_charmingc_\/\",\"https:\/\/www.tiktok.com\/@charmingc.ch\"]}]}<\/script>\n<!-- \/ Yoast SEO plugin. -->","yoast_head_json":{"title":"Paquet sant\u00e9 - CharmingC - Bio CBD \u00d6l aus der Schweiz | Natural Wellness","description":"Ce bundle de bien-\u00eatre et de sant\u00e9 comprend une huile de CBD \u00e0 spectre complet \u00e0 10% et un compl\u00e9ment de curcumin pour soutenir la sant\u00e9 et le bien-\u00eatre g\u00e9n\u00e9raux. L'huile de CBD est d\u00e9riv\u00e9e d'une vari\u00e9t\u00e9 de plantes de chanvre afin de fournir un spectre complet de cannabino\u00efdes, de terp\u00e8nes et d'autres compos\u00e9s v\u00e9g\u00e9taux b\u00e9n\u00e9fiques. La curcumine, un compos\u00e9 cl\u00e9 pr\u00e9sent dans le curcuma, est connue pour ses propri\u00e9t\u00e9s antioxydantes et anti-inflammatoires. Ensemble, ces produits constituent un moyen naturel de soutenir les processus de gu\u00e9rison naturels de votre corps et de maintenir une sant\u00e9 optimale.","robots":{"index":"index","follow":"follow","max-snippet":"max-snippet:-1","max-image-preview":"max-image-preview:large","max-video-preview":"max-video-preview:-1"},"canonical":"https:\/\/www.charmingc.ch\/fr\/shop\/liasses\/health-bundle-fr\/","og_locale":"fr_FR","og_type":"article","og_title":"Paquet sant\u00e9 - CharmingC - Bio CBD \u00d6l aus der Schweiz | Natural Wellness","og_description":"Ce bundle de bien-\u00eatre et de sant\u00e9 comprend une huile de CBD \u00e0 spectre complet \u00e0 10% et un compl\u00e9ment de curcumin pour soutenir la sant\u00e9 et le bien-\u00eatre g\u00e9n\u00e9raux. L'huile de CBD est d\u00e9riv\u00e9e d'une vari\u00e9t\u00e9 de plantes de chanvre afin de fournir un spectre complet de cannabino\u00efdes, de terp\u00e8nes et d'autres compos\u00e9s v\u00e9g\u00e9taux b\u00e9n\u00e9fiques. La curcumine, un compos\u00e9 cl\u00e9 pr\u00e9sent dans le curcuma, est connue pour ses propri\u00e9t\u00e9s antioxydantes et anti-inflammatoires. Ensemble, ces produits constituent un moyen naturel de soutenir les processus de gu\u00e9rison naturels de votre corps et de maintenir une sant\u00e9 optimale.","og_url":"https:\/\/www.charmingc.ch\/fr\/shop\/liasses\/health-bundle-fr\/","og_site_name":"CharmingC - Bio CBD \u00d6l aus der Schweiz | Natural Wellness","article_publisher":"https:\/\/web.facebook.com\/CharmingC-101024288710328","article_modified_time":"2023-09-24T09:57:08+00:00","og_image":[{"width":600,"height":600,"url":"https:\/\/i0.wp.com\/www.charmingc.ch\/wp-content\/uploads\/2023\/01\/CharmingC_Health_Bundle.jpg?fit=600%2C600&ssl=1","type":"image\/jpeg"}],"twitter_card":"summary_large_image","twitter_site":"@_CharmingC_","twitter_misc":{"Dur\u00e9e de lecture estim\u00e9e":"3 minutes"},"schema":{"@context":"https:\/\/schema.org","@graph":[{"@type":"WebPage","@id":"https:\/\/www.charmingc.ch\/fr\/shop\/liasses\/health-bundle-fr\/","url":"https:\/\/www.charmingc.ch\/fr\/shop\/liasses\/health-bundle-fr\/","name":"Paquet sant\u00e9 - CharmingC - Bio CBD \u00d6l aus der Schweiz | Natural Wellness","isPartOf":{"@id":"https:\/\/www.charmingc.ch\/#website"},"primaryImageOfPage":{"@id":"https:\/\/www.charmingc.ch\/fr\/shop\/liasses\/health-bundle-fr\/#primaryimage"},"image":{"@id":"https:\/\/www.charmingc.ch\/fr\/shop\/liasses\/health-bundle-fr\/#primaryimage"},"thumbnailUrl":"https:\/\/www.charmingc.ch\/wp-content\/uploads\/2023\/01\/CharmingC_Health_Bundle.jpg","datePublished":"2023-01-08T15:22:31+00:00","dateModified":"2023-09-24T09:57:08+00:00","description":"Ce bundle de bien-\u00eatre et de sant\u00e9 comprend une huile de CBD \u00e0 spectre complet \u00e0 10% et un compl\u00e9ment de curcumin pour soutenir la sant\u00e9 et le bien-\u00eatre g\u00e9n\u00e9raux. L'huile de CBD est d\u00e9riv\u00e9e d'une vari\u00e9t\u00e9 de plantes de chanvre afin de fournir un spectre complet de cannabino\u00efdes, de terp\u00e8nes et d'autres compos\u00e9s v\u00e9g\u00e9taux b\u00e9n\u00e9fiques. La curcumine, un compos\u00e9 cl\u00e9 pr\u00e9sent dans le curcuma, est connue pour ses propri\u00e9t\u00e9s antioxydantes et anti-inflammatoires. Ensemble, ces produits constituent un moyen naturel de soutenir les processus de gu\u00e9rison naturels de votre corps et de maintenir une sant\u00e9 optimale.","breadcrumb":{"@id":"https:\/\/www.charmingc.ch\/fr\/shop\/liasses\/health-bundle-fr\/#breadcrumb"},"inLanguage":"fr-FR","potentialAction":[{"@type":"ReadAction","target":["https:\/\/www.charmingc.ch\/fr\/shop\/liasses\/health-bundle-fr\/"]}]},{"@type":"ImageObject","inLanguage":"fr-FR","@id":"https:\/\/www.charmingc.ch\/fr\/shop\/liasses\/health-bundle-fr\/#primaryimage","url":"https:\/\/www.charmingc.ch\/wp-content\/uploads\/2023\/01\/CharmingC_Health_Bundle.jpg","contentUrl":"https:\/\/www.charmingc.ch\/wp-content\/uploads\/2023\/01\/CharmingC_Health_Bundle.jpg","width":600,"height":600,"caption":"Support your overall health and well-being with our bundle featuring a 10% CBD oil full spectrum and a curcumin supplement. These natural products work together to promote natural healing and optimal health."},{"@type":"BreadcrumbList","@id":"https:\/\/www.charmingc.ch\/fr\/shop\/liasses\/health-bundle-fr\/#breadcrumb","itemListElement":[{"@type":"ListItem","position":1,"name":"Home","item":"https:\/\/www.charmingc.ch\/"},{"@type":"ListItem","position":2,"name":"Shop","item":"https:\/\/www.charmingc.ch\/shop\/"},{"@type":"ListItem","position":3,"name":"Paquet sant\u00e9"}]},{"@type":"WebSite","@id":"https:\/\/www.charmingc.ch\/#website","url":"https:\/\/www.charmingc.ch\/","name":"CharmingC CBD","description":"CBD \u00d6l 10% kaufen - Bio Full Spectrum | CharmingC Schweiz","publisher":{"@id":"https:\/\/www.charmingc.ch\/#organization"},"potentialAction":[{"@type":"SearchAction","target":{"@type":"EntryPoint","urlTemplate":"https:\/\/www.charmingc.ch\/?s={search_term_string}"},"query-input":{"@type":"PropertyValueSpecification","valueRequired":true,"valueName":"search_term_string"}}],"inLanguage":"fr-FR"},{"@type":"Organization","@id":"https:\/\/www.charmingc.ch\/#organization","name":"CharmingC","url":"https:\/\/www.charmingc.ch\/","logo":{"@type":"ImageObject","inLanguage":"fr-FR","@id":"https:\/\/www.charmingc.ch\/#\/schema\/logo\/image\/","url":"https:\/\/www.charmingc.ch\/wp-content\/uploads\/2021\/03\/CCLogo_Gold.png","contentUrl":"https:\/\/www.charmingc.ch\/wp-content\/uploads\/2021\/03\/CCLogo_Gold.png","width":1200,"height":1100,"caption":"CharmingC"},"image":{"@id":"https:\/\/www.charmingc.ch\/#\/schema\/logo\/image\/"},"sameAs":["https:\/\/web.facebook.com\/CharmingC-101024288710328","https:\/\/x.com\/_CharmingC_","https:\/\/www.instagram.com\/_charmingc_\/","https:\/\/www.tiktok.com\/@charmingc.ch"]}]}},"_links":{"self":[{"href":"https:\/\/www.charmingc.ch\/fr\/wp-json\/wp\/v2\/product\/4601","targetHints":{"allow":["GET"]}}],"collection":[{"href":"https:\/\/www.charmingc.ch\/fr\/wp-json\/wp\/v2\/product"}],"about":[{"href":"https:\/\/www.charmingc.ch\/fr\/wp-json\/wp\/v2\/types\/product"}],"replies":[{"embeddable":true,"href":"https:\/\/www.charmingc.ch\/fr\/wp-json\/wp\/v2\/comments?post=4601"}],"wp:featuredmedia":[{"embeddable":true,"href":"https:\/\/www.charmingc.ch\/fr\/wp-json\/wp\/v2\/media\/4598"}],"wp:attachment":[{"href":"https:\/\/www.charmingc.ch\/fr\/wp-json\/wp\/v2\/media?parent=4601"}],"wp:term":[{"taxonomy":"product_brand","embeddable":true,"href":"https:\/\/www.charmingc.ch\/fr\/wp-json\/wp\/v2\/product_brand?post=4601"},{"taxonomy":"product_cat","embeddable":true,"href":"https:\/\/www.charmingc.ch\/fr\/wp-json\/wp\/v2\/product_cat?post=4601"},{"taxonomy":"product_tag","embeddable":true,"href":"https:\/\/www.charmingc.ch\/fr\/wp-json\/wp\/v2\/product_tag?post=4601"}],"curies":[{"name":"wp","href":"https:\/\/api.w.org\/{rel}","templated":true}]}}