{"id":4215,"date":"2021-05-24T12:09:53","date_gmt":"2021-05-24T10:09:53","guid":{"rendered":"https:\/\/www.charmingc.ch\/shop\/senza-categoria\/crema-antieta-al-collagene\/"},"modified":"2023-01-16T20:35:16","modified_gmt":"2023-01-16T19:35:16","slug":"collagen-hemp-cream","status":"publish","type":"product","link":"https:\/\/www.charmingc.ch\/it\/shop\/cosmetici-cbd\/collagen-hemp-cream\/","title":{"rendered":"Crema antiet\u00e0 al collagene"},"content":{"rendered":"<p><strong>Crema di collagene e canapa<\/strong><\/p>\n<p>Questa crema al collagene anti-et\u00e0 \u00e8 adatta a tutti i tipi di pelle e pu\u00f2 essere applicata su tutte le parti del corpo, compreso il viso. La crema al collagene compensa la costante perdita di idratazione della pelle. \u00c8 nutrizionale e arricchito con olio di semi di canapa e CBD (cannabinoidi).<\/p>\n<p>Caratteristiche principali:<\/p>\n<ul>\n<li>Idratante e nutriente per la pelle<\/li>\n<li>Protegge la pelle dagli ossidanti ambientali<\/li>\n<li>ridurre la pigmentazione o l&#8217;imbrunimento della pelle<\/li>\n<li>rallentano la formazione di linee e rughe<\/li>\n<li>ridurre la cellulite e le ondulazioni della pelle<\/li>\n<\/ul>\n<p>Da consumarsi preferibilmente entro: 12 mesi dall&#8217;apertura (PAO)<br \/>\nContenuto: 50ml<\/p>\n<p>Ingredienti:<\/p>\n<p>Aqua, Isopropyl Myristate, Acido Stearico, Olio di Prunus Amygdalus dulcis, Glyceryl Stearate, Propylene Glycol, Cera Alba, Cetearyl Alcohol, Olio di semi di canapa, Polvere di semi di canapa, Olio di Prunus Persica, Fenossietanolo, Trietanolammina, Parfum, Sodium PCA, Disodium EDTA, Collagene, Decylene Glycol, Filtrato di Fermento Radicale di Leuconostoc, Acetato di Tocoferolo, Alcohol Denat. , Estratto di radice di Panax Ginseng, Estratto di fiore di Lavendula Angustifolia, Estratto di fiore di Chamomilla Recutita, Estratto di fiore di Symphytum Officialis, Limonene, Linalolo.<\/p>\n","protected":false},"excerpt":{"rendered":"<p>Questa crema al collagene anti-et\u00e0 \u00e8 adatta a tutti i tipi di pelle e pu\u00f2 essere applicata su tutte le parti del corpo, compreso il viso. Compensa la costante perdita di idratazione della pelle, la leviga e la rassoda, proteggendola anche da fattori esterni dannosi. L&#8217;olio di semi di canapa utilizzato contiene acidi grassi essenziali, vitamina E e C. Migliora il tono della pelle riducendo l&#8217;infiammazione e migliorando la circolazione sanguigna. L&#8217;estratto bioattivo della pianta di canapa, miscelato con ingredienti biologici al 100%, rende la formula altamente efficace contro l&#8217;invecchiamento!<\/p>\n","protected":false},"featured_media":4050,"comment_status":"open","ping_status":"closed","template":"","meta":{"_et_pb_use_builder":"","_et_pb_old_content":"","_et_gb_content_width":""},"product_brand":[],"product_cat":[106],"product_tag":[],"class_list":{"0":"post-4215","1":"product","2":"type-product","3":"status-publish","4":"has-post-thumbnail","6":"product_cat-cosmetici-cbd","8":"first","9":"instock","10":"sale","11":"taxable","12":"shipping-taxable","13":"purchasable","14":"product-type-simple"},"yoast_head":"<!-- This site is optimized with the Yoast SEO plugin v26.9 - https:\/\/yoast.com\/product\/yoast-seo-wordpress\/ -->\n<title>Crema antiet\u00e0 al collagene - CharmingC - Bio CBD \u00d6l aus der Schweiz | Natural Wellness<\/title>\n<meta name=\"description\" content=\"La nostra crema al collagene anti-et\u00e0 \u00e8 adatta a tutti i tipi di pelle. La crema al collagene compensa la costante perdita di idratazione.\" \/>\n<meta name=\"robots\" content=\"index, follow, max-snippet:-1, max-image-preview:large, max-video-preview:-1\" \/>\n<link rel=\"canonical\" href=\"https:\/\/www.charmingc.ch\/it\/shop\/cosmetici-cbd\/collagen-hemp-cream-2\/\" \/>\n<meta property=\"og:locale\" content=\"it_IT\" \/>\n<meta property=\"og:type\" content=\"article\" \/>\n<meta property=\"og:title\" content=\"Crema antiet\u00e0 al collagene - CharmingC - Bio CBD \u00d6l aus der Schweiz | Natural Wellness\" \/>\n<meta property=\"og:description\" content=\"La nostra crema al collagene anti-et\u00e0 \u00e8 adatta a tutti i tipi di pelle. La crema al collagene compensa la costante perdita di idratazione.\" \/>\n<meta property=\"og:url\" content=\"https:\/\/www.charmingc.ch\/it\/shop\/cosmetici-cbd\/collagen-hemp-cream-2\/\" \/>\n<meta property=\"og:site_name\" content=\"CharmingC - Bio CBD \u00d6l aus der Schweiz | Natural Wellness\" \/>\n<meta property=\"article:publisher\" content=\"https:\/\/web.facebook.com\/CharmingC-101024288710328\" \/>\n<meta property=\"article:modified_time\" content=\"2023-01-16T19:35:16+00:00\" \/>\n<meta property=\"og:image\" content=\"https:\/\/i0.wp.com\/www.charmingc.ch\/wp-content\/uploads\/2022\/05\/CHARMINGC_COLLAGEN_CREAM_SKIN_FACE_BODY_ANTI_AGING_BUDS.jpg?fit=600%2C600&ssl=1\" \/>\n\t<meta property=\"og:image:width\" content=\"600\" \/>\n\t<meta property=\"og:image:height\" content=\"600\" \/>\n\t<meta property=\"og:image:type\" content=\"image\/jpeg\" \/>\n<meta name=\"twitter:card\" content=\"summary_large_image\" \/>\n<meta name=\"twitter:site\" content=\"@_CharmingC_\" \/>\n<meta name=\"twitter:label1\" content=\"Tempo di lettura stimato\" \/>\n\t<meta name=\"twitter:data1\" content=\"1 minuto\" \/>\n<script type=\"application\/ld+json\" class=\"yoast-schema-graph\">{\"@context\":\"https:\/\/schema.org\",\"@graph\":[{\"@type\":\"WebPage\",\"@id\":\"https:\/\/www.charmingc.ch\/it\/shop\/cosmetici-cbd\/collagen-hemp-cream-2\/\",\"url\":\"https:\/\/www.charmingc.ch\/it\/shop\/cosmetici-cbd\/collagen-hemp-cream-2\/\",\"name\":\"Crema antiet\u00e0 al collagene - CharmingC - Bio CBD \u00d6l aus der Schweiz | Natural Wellness\",\"isPartOf\":{\"@id\":\"https:\/\/www.charmingc.ch\/#website\"},\"primaryImageOfPage\":{\"@id\":\"https:\/\/www.charmingc.ch\/it\/shop\/cosmetici-cbd\/collagen-hemp-cream-2\/#primaryimage\"},\"image\":{\"@id\":\"https:\/\/www.charmingc.ch\/it\/shop\/cosmetici-cbd\/collagen-hemp-cream-2\/#primaryimage\"},\"thumbnailUrl\":\"https:\/\/www.charmingc.ch\/wp-content\/uploads\/2022\/05\/CHARMINGC_COLLAGEN_CREAM_SKIN_FACE_BODY_ANTI_AGING_BUDS.jpg\",\"datePublished\":\"2021-05-24T10:09:53+00:00\",\"dateModified\":\"2023-01-16T19:35:16+00:00\",\"description\":\"La nostra crema al collagene anti-et\u00e0 \u00e8 adatta a tutti i tipi di pelle. La crema al collagene compensa la costante perdita di idratazione.\",\"breadcrumb\":{\"@id\":\"https:\/\/www.charmingc.ch\/it\/shop\/cosmetici-cbd\/collagen-hemp-cream-2\/#breadcrumb\"},\"inLanguage\":\"it-IT\",\"potentialAction\":[{\"@type\":\"ReadAction\",\"target\":[\"https:\/\/www.charmingc.ch\/it\/shop\/cosmetici-cbd\/collagen-hemp-cream-2\/\"]}]},{\"@type\":\"ImageObject\",\"inLanguage\":\"it-IT\",\"@id\":\"https:\/\/www.charmingc.ch\/it\/shop\/cosmetici-cbd\/collagen-hemp-cream-2\/#primaryimage\",\"url\":\"https:\/\/www.charmingc.ch\/wp-content\/uploads\/2022\/05\/CHARMINGC_COLLAGEN_CREAM_SKIN_FACE_BODY_ANTI_AGING_BUDS.jpg\",\"contentUrl\":\"https:\/\/www.charmingc.ch\/wp-content\/uploads\/2022\/05\/CHARMINGC_COLLAGEN_CREAM_SKIN_FACE_BODY_ANTI_AGING_BUDS.jpg\",\"width\":600,\"height\":600,\"caption\":\"CHARMINGC_COLLAGEN_CREAM_SKIN_FACE_BODY_ANTI_AGING_BUDS\"},{\"@type\":\"BreadcrumbList\",\"@id\":\"https:\/\/www.charmingc.ch\/it\/shop\/cosmetici-cbd\/collagen-hemp-cream-2\/#breadcrumb\",\"itemListElement\":[{\"@type\":\"ListItem\",\"position\":1,\"name\":\"Home\",\"item\":\"https:\/\/www.charmingc.ch\/\"},{\"@type\":\"ListItem\",\"position\":2,\"name\":\"Shop\",\"item\":\"https:\/\/www.charmingc.ch\/shop\/\"},{\"@type\":\"ListItem\",\"position\":3,\"name\":\"Crema antiet\u00e0 al collagene\"}]},{\"@type\":\"WebSite\",\"@id\":\"https:\/\/www.charmingc.ch\/#website\",\"url\":\"https:\/\/www.charmingc.ch\/\",\"name\":\"CharmingC CBD\",\"description\":\"CBD \u00d6l 10% kaufen - Bio Full Spectrum | CharmingC Schweiz\",\"publisher\":{\"@id\":\"https:\/\/www.charmingc.ch\/#organization\"},\"potentialAction\":[{\"@type\":\"SearchAction\",\"target\":{\"@type\":\"EntryPoint\",\"urlTemplate\":\"https:\/\/www.charmingc.ch\/?s={search_term_string}\"},\"query-input\":{\"@type\":\"PropertyValueSpecification\",\"valueRequired\":true,\"valueName\":\"search_term_string\"}}],\"inLanguage\":\"it-IT\"},{\"@type\":\"Organization\",\"@id\":\"https:\/\/www.charmingc.ch\/#organization\",\"name\":\"CharmingC\",\"url\":\"https:\/\/www.charmingc.ch\/\",\"logo\":{\"@type\":\"ImageObject\",\"inLanguage\":\"it-IT\",\"@id\":\"https:\/\/www.charmingc.ch\/#\/schema\/logo\/image\/\",\"url\":\"https:\/\/www.charmingc.ch\/wp-content\/uploads\/2021\/03\/CCLogo_Gold.png\",\"contentUrl\":\"https:\/\/www.charmingc.ch\/wp-content\/uploads\/2021\/03\/CCLogo_Gold.png\",\"width\":1200,\"height\":1100,\"caption\":\"CharmingC\"},\"image\":{\"@id\":\"https:\/\/www.charmingc.ch\/#\/schema\/logo\/image\/\"},\"sameAs\":[\"https:\/\/web.facebook.com\/CharmingC-101024288710328\",\"https:\/\/x.com\/_CharmingC_\",\"https:\/\/www.instagram.com\/_charmingc_\/\",\"https:\/\/www.tiktok.com\/@charmingc.ch\"]}]}<\/script>\n<!-- \/ Yoast SEO plugin. -->","yoast_head_json":{"title":"Crema antiet\u00e0 al collagene - CharmingC - Bio CBD \u00d6l aus der Schweiz | Natural Wellness","description":"La nostra crema al collagene anti-et\u00e0 \u00e8 adatta a tutti i tipi di pelle. La crema al collagene compensa la costante perdita di idratazione.","robots":{"index":"index","follow":"follow","max-snippet":"max-snippet:-1","max-image-preview":"max-image-preview:large","max-video-preview":"max-video-preview:-1"},"canonical":"https:\/\/www.charmingc.ch\/it\/shop\/cosmetici-cbd\/collagen-hemp-cream-2\/","og_locale":"it_IT","og_type":"article","og_title":"Crema antiet\u00e0 al collagene - CharmingC - Bio CBD \u00d6l aus der Schweiz | Natural Wellness","og_description":"La nostra crema al collagene anti-et\u00e0 \u00e8 adatta a tutti i tipi di pelle. La crema al collagene compensa la costante perdita di idratazione.","og_url":"https:\/\/www.charmingc.ch\/it\/shop\/cosmetici-cbd\/collagen-hemp-cream-2\/","og_site_name":"CharmingC - Bio CBD \u00d6l aus der Schweiz | Natural Wellness","article_publisher":"https:\/\/web.facebook.com\/CharmingC-101024288710328","article_modified_time":"2023-01-16T19:35:16+00:00","og_image":[{"width":600,"height":600,"url":"https:\/\/i0.wp.com\/www.charmingc.ch\/wp-content\/uploads\/2022\/05\/CHARMINGC_COLLAGEN_CREAM_SKIN_FACE_BODY_ANTI_AGING_BUDS.jpg?fit=600%2C600&ssl=1","type":"image\/jpeg"}],"twitter_card":"summary_large_image","twitter_site":"@_CharmingC_","twitter_misc":{"Tempo di lettura stimato":"1 minuto"},"schema":{"@context":"https:\/\/schema.org","@graph":[{"@type":"WebPage","@id":"https:\/\/www.charmingc.ch\/it\/shop\/cosmetici-cbd\/collagen-hemp-cream-2\/","url":"https:\/\/www.charmingc.ch\/it\/shop\/cosmetici-cbd\/collagen-hemp-cream-2\/","name":"Crema antiet\u00e0 al collagene - CharmingC - Bio CBD \u00d6l aus der Schweiz | Natural Wellness","isPartOf":{"@id":"https:\/\/www.charmingc.ch\/#website"},"primaryImageOfPage":{"@id":"https:\/\/www.charmingc.ch\/it\/shop\/cosmetici-cbd\/collagen-hemp-cream-2\/#primaryimage"},"image":{"@id":"https:\/\/www.charmingc.ch\/it\/shop\/cosmetici-cbd\/collagen-hemp-cream-2\/#primaryimage"},"thumbnailUrl":"https:\/\/www.charmingc.ch\/wp-content\/uploads\/2022\/05\/CHARMINGC_COLLAGEN_CREAM_SKIN_FACE_BODY_ANTI_AGING_BUDS.jpg","datePublished":"2021-05-24T10:09:53+00:00","dateModified":"2023-01-16T19:35:16+00:00","description":"La nostra crema al collagene anti-et\u00e0 \u00e8 adatta a tutti i tipi di pelle. La crema al collagene compensa la costante perdita di idratazione.","breadcrumb":{"@id":"https:\/\/www.charmingc.ch\/it\/shop\/cosmetici-cbd\/collagen-hemp-cream-2\/#breadcrumb"},"inLanguage":"it-IT","potentialAction":[{"@type":"ReadAction","target":["https:\/\/www.charmingc.ch\/it\/shop\/cosmetici-cbd\/collagen-hemp-cream-2\/"]}]},{"@type":"ImageObject","inLanguage":"it-IT","@id":"https:\/\/www.charmingc.ch\/it\/shop\/cosmetici-cbd\/collagen-hemp-cream-2\/#primaryimage","url":"https:\/\/www.charmingc.ch\/wp-content\/uploads\/2022\/05\/CHARMINGC_COLLAGEN_CREAM_SKIN_FACE_BODY_ANTI_AGING_BUDS.jpg","contentUrl":"https:\/\/www.charmingc.ch\/wp-content\/uploads\/2022\/05\/CHARMINGC_COLLAGEN_CREAM_SKIN_FACE_BODY_ANTI_AGING_BUDS.jpg","width":600,"height":600,"caption":"CHARMINGC_COLLAGEN_CREAM_SKIN_FACE_BODY_ANTI_AGING_BUDS"},{"@type":"BreadcrumbList","@id":"https:\/\/www.charmingc.ch\/it\/shop\/cosmetici-cbd\/collagen-hemp-cream-2\/#breadcrumb","itemListElement":[{"@type":"ListItem","position":1,"name":"Home","item":"https:\/\/www.charmingc.ch\/"},{"@type":"ListItem","position":2,"name":"Shop","item":"https:\/\/www.charmingc.ch\/shop\/"},{"@type":"ListItem","position":3,"name":"Crema antiet\u00e0 al collagene"}]},{"@type":"WebSite","@id":"https:\/\/www.charmingc.ch\/#website","url":"https:\/\/www.charmingc.ch\/","name":"CharmingC CBD","description":"CBD \u00d6l 10% kaufen - Bio Full Spectrum | CharmingC Schweiz","publisher":{"@id":"https:\/\/www.charmingc.ch\/#organization"},"potentialAction":[{"@type":"SearchAction","target":{"@type":"EntryPoint","urlTemplate":"https:\/\/www.charmingc.ch\/?s={search_term_string}"},"query-input":{"@type":"PropertyValueSpecification","valueRequired":true,"valueName":"search_term_string"}}],"inLanguage":"it-IT"},{"@type":"Organization","@id":"https:\/\/www.charmingc.ch\/#organization","name":"CharmingC","url":"https:\/\/www.charmingc.ch\/","logo":{"@type":"ImageObject","inLanguage":"it-IT","@id":"https:\/\/www.charmingc.ch\/#\/schema\/logo\/image\/","url":"https:\/\/www.charmingc.ch\/wp-content\/uploads\/2021\/03\/CCLogo_Gold.png","contentUrl":"https:\/\/www.charmingc.ch\/wp-content\/uploads\/2021\/03\/CCLogo_Gold.png","width":1200,"height":1100,"caption":"CharmingC"},"image":{"@id":"https:\/\/www.charmingc.ch\/#\/schema\/logo\/image\/"},"sameAs":["https:\/\/web.facebook.com\/CharmingC-101024288710328","https:\/\/x.com\/_CharmingC_","https:\/\/www.instagram.com\/_charmingc_\/","https:\/\/www.tiktok.com\/@charmingc.ch"]}]}},"_links":{"self":[{"href":"https:\/\/www.charmingc.ch\/it\/wp-json\/wp\/v2\/product\/4215","targetHints":{"allow":["GET"]}}],"collection":[{"href":"https:\/\/www.charmingc.ch\/it\/wp-json\/wp\/v2\/product"}],"about":[{"href":"https:\/\/www.charmingc.ch\/it\/wp-json\/wp\/v2\/types\/product"}],"replies":[{"embeddable":true,"href":"https:\/\/www.charmingc.ch\/it\/wp-json\/wp\/v2\/comments?post=4215"}],"wp:featuredmedia":[{"embeddable":true,"href":"https:\/\/www.charmingc.ch\/it\/wp-json\/wp\/v2\/media\/4050"}],"wp:attachment":[{"href":"https:\/\/www.charmingc.ch\/it\/wp-json\/wp\/v2\/media?parent=4215"}],"wp:term":[{"taxonomy":"product_brand","embeddable":true,"href":"https:\/\/www.charmingc.ch\/it\/wp-json\/wp\/v2\/product_brand?post=4215"},{"taxonomy":"product_cat","embeddable":true,"href":"https:\/\/www.charmingc.ch\/it\/wp-json\/wp\/v2\/product_cat?post=4215"},{"taxonomy":"product_tag","embeddable":true,"href":"https:\/\/www.charmingc.ch\/it\/wp-json\/wp\/v2\/product_tag?post=4215"}],"curies":[{"name":"wp","href":"https:\/\/api.w.org\/{rel}","templated":true}]}}