{"id":4594,"date":"2023-01-08T15:20:29","date_gmt":"2023-01-08T14:20:29","guid":{"rendered":"https:\/\/www.charmingc.ch\/shop\/senza-categoria\/pacchetto-bellezza\/"},"modified":"2023-01-08T15:20:29","modified_gmt":"2023-01-08T14:20:29","slug":"beauty-bundle-it","status":"publish","type":"product","link":"https:\/\/www.charmingc.ch\/it\/shop\/fardelli\/beauty-bundle-it\/","title":{"rendered":"Pacchetto bellezza"},"content":{"rendered":"<p>Approfittate del nostro Beauty Bundle e date una spinta al vostro benessere!<\/p>\n<p><strong>Gel di canapa all&#8217;aloe vera<\/strong><\/p>\n<p>Prendetevi cura della vostra pelle secca e irritata, sia dopo la rasatura che dopo aver preso il sole. Questo gel di canapa all&#8217;aloe vera si assorbe rapidamente, rinfresca e calma la pelle. Nutriente e nutriente, arricchito con olio di semi di canapa, olio di tea bush, olio di citronella e CBD. Idratante e piacevolmente profumato.<\/p>\n<p>Investite nel vostro benessere e scoprite come questo gel di canapa all&#8217;aloe vera vi rinfrescher\u00e0.<\/p>\n<p>Caratteristiche principali:<\/p>\n<p>Idrata la pelle<br \/>\nCalma le irritazioni, il prurito e gli arrossamenti della pelle<br \/>\nRiduzione di rughe, macchie e acne<br \/>\nSi assorbe rapidamente<br \/>\nGuarisce la pelle irritata<br \/>\nDa consumarsi preferibilmente entro: 12 mesi dall&#8217;apertura (PAO)<\/p>\n<p>Ingredienti:<\/p>\n<p>Acqua, succo di foglie di Aloe Barbadensis, glicerina, carbomero, olio di semi di canapa, polvere di semi di canapa, estratto di foglie di Camelia Sinensis, olio di Cymbopogon Flexuosus (citronella), tocoferolo, fenossietanolo, glicole caprilico, idrossido di sodio, EDTA tetrasodico, acido citrico, sorbato di potassio, benzoato di sodio, citrale.<\/p>\n<p><a href=\"https:\/\/www.charmingc.ch\/shop\/cosmetics\/aloe-vera-hemp-gel\/\" rel=\"noopener\" target=\"_blank\">Gel di aloe vera<\/a><\/p>\n<p><strong>Gel di canapa all&#8217;arnica<\/strong><\/p>\n<p>Il gel di canapa all&#8217;arnica riduce le infiammazioni ed \u00e8 indicato per le tensioni muscolari, in quanto aiuta a rilassare i muscoli. Il gel pu\u00f2 essere utilizzato per tutte le parti della pelle e in particolare per gli esercizi sportivi. Il gel contiene estratto di arnica, olio di semi di canapa, CBD, lavanda e menta piperita, che favoriscono il rilassamento muscolare.<\/p>\n<p>Area di applicazione:<\/p>\n<p>Lesioni a muscoli, tendini e legamenti, come ad esempio lesioni da sport, lavoro e incidenti, come distorsioni, contusioni, stiramenti, lievi ematomi, nonch\u00e9 tendiniti e borsiti.<\/p>\n<p>Caratteristiche principali:<\/p>\n<p>Alleviare il dolore<br \/>\nAccelerare la guarigione delle ferite<br \/>\nRaffreddamento<br \/>\nRilassamento muscolare<br \/>\nAntinfiammatorio<br \/>\nDa consumarsi preferibilmente entro: 12 mesi dall&#8217;apertura (PAO)<\/p>\n<p>Ingredienti:<\/p>\n<p>Aqua, Glicerina, Olio di semi di canapa, Estratto di canapa, Estratto di fiori di Arnica Montana, Olio di fiori di Lavendula Angustifoglia, Olio di Mentha Piperita, Estratto di nocciolo di Avena Sativa, Estratto di Solidago Virgaurea, Estratto di Euphrasia Officinalis, Carbomero, Idrossido di sodio, Alcool Denat. EDTA Tetrasodico, Glicole Caprilico, Fenossietanolo<\/p>\n<p><a href=\"Arnica%20Hemp%20Gel\" rel=\"noopener\" target=\"_blank\">https:\/\/www.charmingc.ch\/shop\/cosmetics\/arnica-hemp-gel\/<\/a><\/p>\n<p><strong>Crema di collagene e canapa<\/strong><\/p>\n<p>Questa crema al collagene anti-et\u00e0 \u00e8 adatta a tutti i tipi di pelle e pu\u00f2 essere applicata su tutte le parti del corpo, compreso il viso. La crema al collagene compensa la costante perdita di idratazione della pelle. \u00c8 nutrizionale e arricchito con olio di semi di canapa e CBD (cannabinoidi).<\/p>\n<p>Caratteristiche principali:<\/p>\n<p>Idratante e nutriente per la pelle<br \/>\nProtegge la pelle dagli ossidanti ambientali<br \/>\nridurre la pigmentazione o l&#8217;imbrunimento della pelle<br \/>\nrallentano la formazione di linee e rughe<br \/>\nridurre la cellulite e le ondulazioni della pelle<br \/>\nDa consumarsi preferibilmente entro: 12 mesi dall&#8217;apertura (PAO)<\/p>\n<p>Ingredienti:<\/p>\n<p>Aqua, Isopropyl Myristate, Acido Stearico, Olio di Prunus Amygdalus dulcis, Glyceryl Stearate, Propylene Glycol, Cera Alba, Cetearyl Alcohol, Olio di semi di canapa, Polvere di semi di canapa, Olio di Prunus Persica, Fenossietanolo, Trietanolammina, Parfum, Sodium PCA, Disodium EDTA, Collagene, Decylene Glycol, Filtrato di Fermento Radicale di Leuconostoc, Acetato di Tocoferolo, Alcohol Denat. , Estratto di radice di Panax Ginseng, Estratto di fiore di Lavendula Angustifolia, Estratto di fiore di Chamomilla Recutita, Estratto di fiore di Symphytum Officialis, Limonene, Linalolo.<\/p>\n<p><a href=\"https:\/\/www.charmingc.ch\/shop\/cosmetics\/collagen-hemp-cream\/\" rel=\"noopener\" target=\"_blank\">Crema di collagene e canapa<\/a><\/p>\n","protected":false},"excerpt":{"rendered":"<p>Il nostro pacchetto di bellezza comprende una selezione dei nostri prodotti di bellezza pi\u00f9 apprezzati, infusi con CBD, Aloe Vera, Collagene e Arnica. Questi ingredienti naturali agiscono insieme per sostenere la salute della pelle e dei muscoli, facendovi sentire coccolati e viziati. Sia che vogliate dare una spinta alla vostra routine di bellezza, sia che vogliate semplicemente concedervi un po&#8217; di cura di voi stessi, il nostro Beauty Bundle ha tutto ci\u00f2 che vi serve per un&#8217;esperienza lussuosa e rigenerante.<\/p>\n","protected":false},"featured_media":4607,"comment_status":"open","ping_status":"closed","template":"","meta":{"_et_pb_use_builder":"","_et_pb_old_content":"","_et_gb_content_width":""},"product_brand":[],"product_cat":[97],"product_tag":[],"class_list":{"0":"post-4594","1":"product","2":"type-product","3":"status-publish","4":"has-post-thumbnail","6":"product_cat-fardelli","8":"first","9":"instock","10":"sale","11":"taxable","12":"shipping-taxable","13":"purchasable","14":"product-type-simple"},"yoast_head":"<!-- This site is optimized with the Yoast SEO plugin v26.9 - https:\/\/yoast.com\/product\/yoast-seo-wordpress\/ -->\n<title>Pacchetto bellezza - CharmingC - Bio CBD \u00d6l aus der Schweiz | Natural Wellness<\/title>\n<meta name=\"description\" content=\"Concedetevi il massimo delle coccole con il nostro lussuoso Beauty Bundle. Infuso con CBD, Aloe Vera, Collagene e Arnica, questo pacchetto \u00e8 perfetto per nutrire e ringiovanire la pelle e i muscoli. Sia che vogliate dare una spinta alla vostra routine di bellezza, sia che vogliate semplicemente concedervi un regalo, il nostro Beauty Bundle ha qualcosa per tutti.\" \/>\n<meta name=\"robots\" content=\"index, follow, max-snippet:-1, max-image-preview:large, max-video-preview:-1\" \/>\n<link rel=\"canonical\" href=\"https:\/\/www.charmingc.ch\/it\/shop\/fardelli\/pacchetto-bellezza\/\" \/>\n<meta property=\"og:locale\" content=\"it_IT\" \/>\n<meta property=\"og:type\" content=\"article\" \/>\n<meta property=\"og:title\" content=\"Pacchetto bellezza - CharmingC - Bio CBD \u00d6l aus der Schweiz | Natural Wellness\" \/>\n<meta property=\"og:description\" content=\"Concedetevi il massimo delle coccole con il nostro lussuoso Beauty Bundle. Infuso con CBD, Aloe Vera, Collagene e Arnica, questo pacchetto \u00e8 perfetto per nutrire e ringiovanire la pelle e i muscoli. Sia che vogliate dare una spinta alla vostra routine di bellezza, sia che vogliate semplicemente concedervi un regalo, il nostro Beauty Bundle ha qualcosa per tutti.\" \/>\n<meta property=\"og:url\" content=\"https:\/\/www.charmingc.ch\/it\/shop\/fardelli\/pacchetto-bellezza\/\" \/>\n<meta property=\"og:site_name\" content=\"CharmingC - Bio CBD \u00d6l aus der Schweiz | Natural Wellness\" \/>\n<meta property=\"article:publisher\" content=\"https:\/\/web.facebook.com\/CharmingC-101024288710328\" \/>\n<meta property=\"og:image\" content=\"https:\/\/i0.wp.com\/www.charmingc.ch\/wp-content\/uploads\/2023\/01\/Beauty_Bundle_Set_CharmingC_AloeVera_Collagen_Arnica-1.jpg?fit=600%2C600&ssl=1\" \/>\n\t<meta property=\"og:image:width\" content=\"600\" \/>\n\t<meta property=\"og:image:height\" content=\"600\" \/>\n\t<meta property=\"og:image:type\" content=\"image\/jpeg\" \/>\n<meta name=\"twitter:card\" content=\"summary_large_image\" \/>\n<meta name=\"twitter:site\" content=\"@_CharmingC_\" \/>\n<meta name=\"twitter:label1\" content=\"Tempo di lettura stimato\" \/>\n\t<meta name=\"twitter:data1\" content=\"3 minuti\" \/>\n<script type=\"application\/ld+json\" class=\"yoast-schema-graph\">{\"@context\":\"https:\/\/schema.org\",\"@graph\":[{\"@type\":\"WebPage\",\"@id\":\"https:\/\/www.charmingc.ch\/it\/shop\/fardelli\/pacchetto-bellezza\/\",\"url\":\"https:\/\/www.charmingc.ch\/it\/shop\/fardelli\/pacchetto-bellezza\/\",\"name\":\"Pacchetto bellezza - CharmingC - Bio CBD \u00d6l aus der Schweiz | Natural Wellness\",\"isPartOf\":{\"@id\":\"https:\/\/www.charmingc.ch\/#website\"},\"primaryImageOfPage\":{\"@id\":\"https:\/\/www.charmingc.ch\/it\/shop\/fardelli\/pacchetto-bellezza\/#primaryimage\"},\"image\":{\"@id\":\"https:\/\/www.charmingc.ch\/it\/shop\/fardelli\/pacchetto-bellezza\/#primaryimage\"},\"thumbnailUrl\":\"https:\/\/www.charmingc.ch\/wp-content\/uploads\/2023\/01\/CharmingC_Beauty_Bundle_Set.jpg\",\"datePublished\":\"2023-01-08T14:20:29+00:00\",\"description\":\"Concedetevi il massimo delle coccole con il nostro lussuoso Beauty Bundle. Infuso con CBD, Aloe Vera, Collagene e Arnica, questo pacchetto \u00e8 perfetto per nutrire e ringiovanire la pelle e i muscoli. Sia che vogliate dare una spinta alla vostra routine di bellezza, sia che vogliate semplicemente concedervi un regalo, il nostro Beauty Bundle ha qualcosa per tutti.\",\"breadcrumb\":{\"@id\":\"https:\/\/www.charmingc.ch\/it\/shop\/fardelli\/pacchetto-bellezza\/#breadcrumb\"},\"inLanguage\":\"it-IT\",\"potentialAction\":[{\"@type\":\"ReadAction\",\"target\":[\"https:\/\/www.charmingc.ch\/it\/shop\/fardelli\/pacchetto-bellezza\/\"]}]},{\"@type\":\"ImageObject\",\"inLanguage\":\"it-IT\",\"@id\":\"https:\/\/www.charmingc.ch\/it\/shop\/fardelli\/pacchetto-bellezza\/#primaryimage\",\"url\":\"https:\/\/www.charmingc.ch\/wp-content\/uploads\/2023\/01\/CharmingC_Beauty_Bundle_Set.jpg\",\"contentUrl\":\"https:\/\/www.charmingc.ch\/wp-content\/uploads\/2023\/01\/CharmingC_Beauty_Bundle_Set.jpg\",\"width\":600,\"height\":600,\"caption\":\"Enhance your natural beauty with our luxurious Beauty Bundle. Formulated with CBD, Aloe Vera, Collagen, and Arnica, this bundle is perfect for nourishing and rejuvenating your skin and muscles. Indulge in the ultimate pampering experience and achieve a radiant and healthy appearance.\"},{\"@type\":\"BreadcrumbList\",\"@id\":\"https:\/\/www.charmingc.ch\/it\/shop\/fardelli\/pacchetto-bellezza\/#breadcrumb\",\"itemListElement\":[{\"@type\":\"ListItem\",\"position\":1,\"name\":\"Home\",\"item\":\"https:\/\/www.charmingc.ch\/\"},{\"@type\":\"ListItem\",\"position\":2,\"name\":\"Shop\",\"item\":\"https:\/\/www.charmingc.ch\/shop\/\"},{\"@type\":\"ListItem\",\"position\":3,\"name\":\"Pacchetto bellezza\"}]},{\"@type\":\"WebSite\",\"@id\":\"https:\/\/www.charmingc.ch\/#website\",\"url\":\"https:\/\/www.charmingc.ch\/\",\"name\":\"CharmingC CBD\",\"description\":\"CBD \u00d6l 10% kaufen - Bio Full Spectrum | CharmingC Schweiz\",\"publisher\":{\"@id\":\"https:\/\/www.charmingc.ch\/#organization\"},\"potentialAction\":[{\"@type\":\"SearchAction\",\"target\":{\"@type\":\"EntryPoint\",\"urlTemplate\":\"https:\/\/www.charmingc.ch\/?s={search_term_string}\"},\"query-input\":{\"@type\":\"PropertyValueSpecification\",\"valueRequired\":true,\"valueName\":\"search_term_string\"}}],\"inLanguage\":\"it-IT\"},{\"@type\":\"Organization\",\"@id\":\"https:\/\/www.charmingc.ch\/#organization\",\"name\":\"CharmingC\",\"url\":\"https:\/\/www.charmingc.ch\/\",\"logo\":{\"@type\":\"ImageObject\",\"inLanguage\":\"it-IT\",\"@id\":\"https:\/\/www.charmingc.ch\/#\/schema\/logo\/image\/\",\"url\":\"https:\/\/www.charmingc.ch\/wp-content\/uploads\/2021\/03\/CCLogo_Gold.png\",\"contentUrl\":\"https:\/\/www.charmingc.ch\/wp-content\/uploads\/2021\/03\/CCLogo_Gold.png\",\"width\":1200,\"height\":1100,\"caption\":\"CharmingC\"},\"image\":{\"@id\":\"https:\/\/www.charmingc.ch\/#\/schema\/logo\/image\/\"},\"sameAs\":[\"https:\/\/web.facebook.com\/CharmingC-101024288710328\",\"https:\/\/x.com\/_CharmingC_\",\"https:\/\/www.instagram.com\/_charmingc_\/\",\"https:\/\/www.tiktok.com\/@charmingc.ch\"]}]}<\/script>\n<!-- \/ Yoast SEO plugin. -->","yoast_head_json":{"title":"Pacchetto bellezza - CharmingC - Bio CBD \u00d6l aus der Schweiz | Natural Wellness","description":"Concedetevi il massimo delle coccole con il nostro lussuoso Beauty Bundle. Infuso con CBD, Aloe Vera, Collagene e Arnica, questo pacchetto \u00e8 perfetto per nutrire e ringiovanire la pelle e i muscoli. Sia che vogliate dare una spinta alla vostra routine di bellezza, sia che vogliate semplicemente concedervi un regalo, il nostro Beauty Bundle ha qualcosa per tutti.","robots":{"index":"index","follow":"follow","max-snippet":"max-snippet:-1","max-image-preview":"max-image-preview:large","max-video-preview":"max-video-preview:-1"},"canonical":"https:\/\/www.charmingc.ch\/it\/shop\/fardelli\/pacchetto-bellezza\/","og_locale":"it_IT","og_type":"article","og_title":"Pacchetto bellezza - CharmingC - Bio CBD \u00d6l aus der Schweiz | Natural Wellness","og_description":"Concedetevi il massimo delle coccole con il nostro lussuoso Beauty Bundle. Infuso con CBD, Aloe Vera, Collagene e Arnica, questo pacchetto \u00e8 perfetto per nutrire e ringiovanire la pelle e i muscoli. Sia che vogliate dare una spinta alla vostra routine di bellezza, sia che vogliate semplicemente concedervi un regalo, il nostro Beauty Bundle ha qualcosa per tutti.","og_url":"https:\/\/www.charmingc.ch\/it\/shop\/fardelli\/pacchetto-bellezza\/","og_site_name":"CharmingC - Bio CBD \u00d6l aus der Schweiz | Natural Wellness","article_publisher":"https:\/\/web.facebook.com\/CharmingC-101024288710328","og_image":[{"width":600,"height":600,"url":"https:\/\/i0.wp.com\/www.charmingc.ch\/wp-content\/uploads\/2023\/01\/Beauty_Bundle_Set_CharmingC_AloeVera_Collagen_Arnica-1.jpg?fit=600%2C600&ssl=1","type":"image\/jpeg"}],"twitter_card":"summary_large_image","twitter_site":"@_CharmingC_","twitter_misc":{"Tempo di lettura stimato":"3 minuti"},"schema":{"@context":"https:\/\/schema.org","@graph":[{"@type":"WebPage","@id":"https:\/\/www.charmingc.ch\/it\/shop\/fardelli\/pacchetto-bellezza\/","url":"https:\/\/www.charmingc.ch\/it\/shop\/fardelli\/pacchetto-bellezza\/","name":"Pacchetto bellezza - CharmingC - Bio CBD \u00d6l aus der Schweiz | Natural Wellness","isPartOf":{"@id":"https:\/\/www.charmingc.ch\/#website"},"primaryImageOfPage":{"@id":"https:\/\/www.charmingc.ch\/it\/shop\/fardelli\/pacchetto-bellezza\/#primaryimage"},"image":{"@id":"https:\/\/www.charmingc.ch\/it\/shop\/fardelli\/pacchetto-bellezza\/#primaryimage"},"thumbnailUrl":"https:\/\/www.charmingc.ch\/wp-content\/uploads\/2023\/01\/CharmingC_Beauty_Bundle_Set.jpg","datePublished":"2023-01-08T14:20:29+00:00","description":"Concedetevi il massimo delle coccole con il nostro lussuoso Beauty Bundle. Infuso con CBD, Aloe Vera, Collagene e Arnica, questo pacchetto \u00e8 perfetto per nutrire e ringiovanire la pelle e i muscoli. Sia che vogliate dare una spinta alla vostra routine di bellezza, sia che vogliate semplicemente concedervi un regalo, il nostro Beauty Bundle ha qualcosa per tutti.","breadcrumb":{"@id":"https:\/\/www.charmingc.ch\/it\/shop\/fardelli\/pacchetto-bellezza\/#breadcrumb"},"inLanguage":"it-IT","potentialAction":[{"@type":"ReadAction","target":["https:\/\/www.charmingc.ch\/it\/shop\/fardelli\/pacchetto-bellezza\/"]}]},{"@type":"ImageObject","inLanguage":"it-IT","@id":"https:\/\/www.charmingc.ch\/it\/shop\/fardelli\/pacchetto-bellezza\/#primaryimage","url":"https:\/\/www.charmingc.ch\/wp-content\/uploads\/2023\/01\/CharmingC_Beauty_Bundle_Set.jpg","contentUrl":"https:\/\/www.charmingc.ch\/wp-content\/uploads\/2023\/01\/CharmingC_Beauty_Bundle_Set.jpg","width":600,"height":600,"caption":"Enhance your natural beauty with our luxurious Beauty Bundle. Formulated with CBD, Aloe Vera, Collagen, and Arnica, this bundle is perfect for nourishing and rejuvenating your skin and muscles. Indulge in the ultimate pampering experience and achieve a radiant and healthy appearance."},{"@type":"BreadcrumbList","@id":"https:\/\/www.charmingc.ch\/it\/shop\/fardelli\/pacchetto-bellezza\/#breadcrumb","itemListElement":[{"@type":"ListItem","position":1,"name":"Home","item":"https:\/\/www.charmingc.ch\/"},{"@type":"ListItem","position":2,"name":"Shop","item":"https:\/\/www.charmingc.ch\/shop\/"},{"@type":"ListItem","position":3,"name":"Pacchetto bellezza"}]},{"@type":"WebSite","@id":"https:\/\/www.charmingc.ch\/#website","url":"https:\/\/www.charmingc.ch\/","name":"CharmingC CBD","description":"CBD \u00d6l 10% kaufen - Bio Full Spectrum | CharmingC Schweiz","publisher":{"@id":"https:\/\/www.charmingc.ch\/#organization"},"potentialAction":[{"@type":"SearchAction","target":{"@type":"EntryPoint","urlTemplate":"https:\/\/www.charmingc.ch\/?s={search_term_string}"},"query-input":{"@type":"PropertyValueSpecification","valueRequired":true,"valueName":"search_term_string"}}],"inLanguage":"it-IT"},{"@type":"Organization","@id":"https:\/\/www.charmingc.ch\/#organization","name":"CharmingC","url":"https:\/\/www.charmingc.ch\/","logo":{"@type":"ImageObject","inLanguage":"it-IT","@id":"https:\/\/www.charmingc.ch\/#\/schema\/logo\/image\/","url":"https:\/\/www.charmingc.ch\/wp-content\/uploads\/2021\/03\/CCLogo_Gold.png","contentUrl":"https:\/\/www.charmingc.ch\/wp-content\/uploads\/2021\/03\/CCLogo_Gold.png","width":1200,"height":1100,"caption":"CharmingC"},"image":{"@id":"https:\/\/www.charmingc.ch\/#\/schema\/logo\/image\/"},"sameAs":["https:\/\/web.facebook.com\/CharmingC-101024288710328","https:\/\/x.com\/_CharmingC_","https:\/\/www.instagram.com\/_charmingc_\/","https:\/\/www.tiktok.com\/@charmingc.ch"]}]}},"_links":{"self":[{"href":"https:\/\/www.charmingc.ch\/it\/wp-json\/wp\/v2\/product\/4594","targetHints":{"allow":["GET"]}}],"collection":[{"href":"https:\/\/www.charmingc.ch\/it\/wp-json\/wp\/v2\/product"}],"about":[{"href":"https:\/\/www.charmingc.ch\/it\/wp-json\/wp\/v2\/types\/product"}],"replies":[{"embeddable":true,"href":"https:\/\/www.charmingc.ch\/it\/wp-json\/wp\/v2\/comments?post=4594"}],"wp:featuredmedia":[{"embeddable":true,"href":"https:\/\/www.charmingc.ch\/it\/wp-json\/wp\/v2\/media\/4607"}],"wp:attachment":[{"href":"https:\/\/www.charmingc.ch\/it\/wp-json\/wp\/v2\/media?parent=4594"}],"wp:term":[{"taxonomy":"product_brand","embeddable":true,"href":"https:\/\/www.charmingc.ch\/it\/wp-json\/wp\/v2\/product_brand?post=4594"},{"taxonomy":"product_cat","embeddable":true,"href":"https:\/\/www.charmingc.ch\/it\/wp-json\/wp\/v2\/product_cat?post=4594"},{"taxonomy":"product_tag","embeddable":true,"href":"https:\/\/www.charmingc.ch\/it\/wp-json\/wp\/v2\/product_tag?post=4594"}],"curies":[{"name":"wp","href":"https:\/\/api.w.org\/{rel}","templated":true}]}}