{"id":4603,"date":"2023-01-08T16:22:31","date_gmt":"2023-01-08T15:22:31","guid":{"rendered":"https:\/\/www.charmingc.ch\/shop\/senza-categoria\/set-di-salute\/"},"modified":"2023-01-08T16:22:31","modified_gmt":"2023-01-08T15:22:31","slug":"health-bundle-it","status":"publish","type":"product","link":"https:\/\/www.charmingc.ch\/it\/shop\/fardelli\/health-bundle-it\/","title":{"rendered":"Set di salute"},"content":{"rendered":"<p>Approfittate del nostro set di salute e date una spinta al vostro benessere!<\/p>\n<p><strong>Olio di CBD CHARMINGC<\/strong><\/p>\n<p>Contenuto: 10ml<br \/>\nDosaggio di CBD: 10%<br \/>\nOlio di CBD a spettro completo<br \/>\nGusto naturale<br \/>\nCBD in olio MCT da agricoltura biologica<br \/>\nIl nostro olio di CBD proviene da una fattoria di canapa in Svizzera e viene estratto con gli ultrasuoni. Di conseguenza, contiene tutte le caratteristiche benefiche della pianta di canapa, tra cui CBD, CBDA, CBG e una serie di composti vegetali secondari.<br \/>\nIl nostro estratto di canapa organico a spettro completo \u00e8 combinato con una base di olio MCT organico per creare questo prodotto semplice e pulito. Per un&#8217;esperienza premium e deliziosa con il CBD, aggiungete la nostra tintura naturale alle vostre bevande o prodotti da forno preferiti. Pu\u00f2 essere utilizzato anche per lozioni o sali da bagno.<\/p>\n<p>Per garantire forza e purezza, ogni lotto della nostra ricetta di olio di CBD a spettro completo viene analizzato da laboratori terzi. Per l&#8217;analisi completa del laboratorio, consultare il link sottostante.<\/p>\n<p>INGREDIENTS:<br \/>\nEstratto di foglie\/vapore di canapa sativa biologica, olio MCT biologico.<\/p>\n<p>DISTRIBUITO DA:<br \/>\nGruppo Charming GmbH<br \/>\nwww.charmingc.ch<\/p>\n<p><a href=\"https:\/\/www.charmingc.ch\/shop\/extracts\/organic-cbd-oil\/\">10% di olio di CBD<\/a><\/p>\n<p><strong>CHARMINGC CURCUMA PROTEGGERE<\/strong><\/p>\n<p>Contenuto: 10ml<br \/>\n100 per cento di vitamine naturali E e D3<br \/>\nSenza zuccheri aggiunti<br \/>\n40 porzioni<br \/>\nSenza lattosio, vegano, senza glutine<br \/>\nQUALIT\u00c0<br \/>\nL&#8217;elevata biodisponibilit\u00e0 degli estratti di curcuma premium solubili in acqua \u00e8 particolarmente notevole. Ci\u00f2 consente ai composti vegetali desiderati di essere assorbiti al meglio dall&#8217;organismo umano, come l&#8217;ingrediente vegetale secondario della curcumina. Di conseguenza, l&#8217;efficacia dei nostri prodotti a base di curcuma migliora. I nostri estratti di curcuma possono essere facilmente disciolti in qualsiasi liquido e sono quindi piacevoli da ingerire grazie alle loro qualit\u00e0 idrosolubili.<\/p>\n<p>Le vitamine E e D3 si trovano nell&#8217;estratto di curcuma. La vitamina D aiuta il sistema immunitario a funzionare normalmente e la vitamina E aiuta le cellule a proteggersi dallo stress ossidativo.<\/p>\n<p>La Curcuma Protect aumenta la resistenza agli stress ambientali quotidiani. La curcumina riconosce l&#8217;infiammazione nell&#8217;organismo, aumenta la capacit\u00e0 antiossidante e ha propriet\u00e0 antinfiammatorie. Promuove la salute in modo semplice e naturale. La vitamina D3 (colecalciferolo) favorisce l&#8217;assorbimento del calcio e del fosforo nell&#8217;intestino. Controlla l&#8217;assorbimento dei minerali e i livelli di calcio nel sangue. L&#8217;antiossidante vitamina E, che ha propriet\u00e0 protettive delle cellule e rallenta il processo di invecchiamento, \u00e8 la combinazione ideale per migliorare la salute.<\/p>\n<p>DOSAGGIO CONSIGLIATO<br \/>\nBere 0,25 ml (circa 5 gocce) sciolti in acqua o latte 2 volte al giorno. Non superare la dose giornaliera raccomandata. Conservare al riparo dalla luce e fuori dalla portata dei bambini. Agitare bene prima dell&#8217;uso.<\/p>\n<p>INGREDIENTS:<br \/>\nAcqua, Emulgatore: Gummi arabicum, Curcuminoide (Curcuma, longa), DL-alfa-Tocoferolo (Vitamina E), Colecalciferolo (Vitamina D3)<\/p>\n<p>DISTRIBUITO DA:<br \/>\nGruppo Charming GmbH<br \/>\nwww.charmingc.ch<\/p>\n<p><a href=\"https:\/\/www.charmingc.ch\/shop\/extracts\/curcuma-protect\/\" rel=\"noopener\" target=\"_blank\">Curcuma Proteggere<\/a><\/p>\n","protected":false},"excerpt":{"rendered":"<p>Questo pacchetto salute e benessere comprende un olio di CBD al 10% a spettro completo e un integratore di curcumina per sostenere la salute e il benessere generale. L&#8217;olio di CBD \u00e8 derivato da una variet\u00e0 di piante di canapa per fornire uno spettro completo di cannabinoidi, terpeni e altri composti vegetali benefici. La curcumina, un composto chiave presente nella curcuma, \u00e8 nota per le sue propriet\u00e0 antiossidanti e antinfiammatorie. Insieme, questi prodotti rappresentano un modo naturale per sostenere i processi naturali di guarigione dell&#8217;organismo e mantenere una salute ottimale.<\/p>\n","protected":false},"featured_media":4600,"comment_status":"open","ping_status":"closed","template":"","meta":{"_et_pb_use_builder":"","_et_pb_old_content":"","_et_gb_content_width":""},"product_brand":[],"product_cat":[97],"product_tag":[316,315,319,320,314,317,312,311,318,313,321],"class_list":{"0":"post-4603","1":"product","2":"type-product","3":"status-publish","4":"has-post-thumbnail","6":"product_cat-fardelli","7":"product_tag-antinfiammatorio","8":"product_tag-antiossidante","9":"product_tag-canapa","10":"product_tag-curcuma-it","11":"product_tag-curcumina","12":"product_tag-guarigione-naturale","13":"product_tag-olio-di-cbd","14":"product_tag-salute-e-benessere","15":"product_tag-salute-ottimale","16":"product_tag-spettro-completo","17":"product_tag-supplementi","19":"first","20":"outofstock","21":"sale","22":"taxable","23":"shipping-taxable","24":"purchasable","25":"product-type-simple"},"yoast_head":"<!-- This site is optimized with the Yoast SEO plugin v26.9 - https:\/\/yoast.com\/product\/yoast-seo-wordpress\/ -->\n<title>Set di salute - CharmingC - Bio CBD \u00d6l aus der Schweiz | Natural Wellness<\/title>\n<meta name=\"description\" content=\"Questo pacchetto salute e benessere comprende un olio di CBD al 10% a spettro completo e un integratore di curcumina per sostenere la salute e il benessere generale. L&#039;olio di CBD \u00e8 derivato da una variet\u00e0 di piante di canapa per fornire uno spettro completo di cannabinoidi, terpeni e altri composti vegetali benefici. La curcumina, un composto chiave presente nella curcuma, \u00e8 nota per le sue propriet\u00e0 antiossidanti e antinfiammatorie. Insieme, questi prodotti rappresentano un modo naturale per sostenere i processi naturali di guarigione dell&#039;organismo e mantenere una salute ottimale.\" \/>\n<meta name=\"robots\" content=\"index, follow, max-snippet:-1, max-image-preview:large, max-video-preview:-1\" \/>\n<link rel=\"canonical\" href=\"https:\/\/www.charmingc.ch\/it\/shop\/fardelli\/health-bundle-it\/\" \/>\n<meta property=\"og:locale\" content=\"it_IT\" \/>\n<meta property=\"og:type\" content=\"article\" \/>\n<meta property=\"og:title\" content=\"Set di salute - CharmingC - Bio CBD \u00d6l aus der Schweiz | Natural Wellness\" \/>\n<meta property=\"og:description\" content=\"Questo pacchetto salute e benessere comprende un olio di CBD al 10% a spettro completo e un integratore di curcumina per sostenere la salute e il benessere generale. L&#039;olio di CBD \u00e8 derivato da una variet\u00e0 di piante di canapa per fornire uno spettro completo di cannabinoidi, terpeni e altri composti vegetali benefici. La curcumina, un composto chiave presente nella curcuma, \u00e8 nota per le sue propriet\u00e0 antiossidanti e antinfiammatorie. Insieme, questi prodotti rappresentano un modo naturale per sostenere i processi naturali di guarigione dell&#039;organismo e mantenere una salute ottimale.\" \/>\n<meta property=\"og:url\" content=\"https:\/\/www.charmingc.ch\/it\/shop\/fardelli\/health-bundle-it\/\" \/>\n<meta property=\"og:site_name\" content=\"CharmingC - Bio CBD \u00d6l aus der Schweiz | Natural Wellness\" \/>\n<meta property=\"article:publisher\" content=\"https:\/\/web.facebook.com\/CharmingC-101024288710328\" \/>\n<meta property=\"og:image\" content=\"https:\/\/www.charmingc.ch\/wp-content\/uploads\/2023\/01\/CharmingC_Health_Bundle.jpg\" \/>\n\t<meta property=\"og:image:width\" content=\"600\" \/>\n\t<meta property=\"og:image:height\" content=\"600\" \/>\n\t<meta property=\"og:image:type\" content=\"image\/jpeg\" \/>\n<meta name=\"twitter:card\" content=\"summary_large_image\" \/>\n<meta name=\"twitter:site\" content=\"@_CharmingC_\" \/>\n<meta name=\"twitter:label1\" content=\"Tempo di lettura stimato\" \/>\n\t<meta name=\"twitter:data1\" content=\"2 minuti\" \/>\n<script type=\"application\/ld+json\" class=\"yoast-schema-graph\">{\"@context\":\"https:\/\/schema.org\",\"@graph\":[{\"@type\":\"WebPage\",\"@id\":\"https:\/\/www.charmingc.ch\/it\/shop\/fardelli\/health-bundle-it\/\",\"url\":\"https:\/\/www.charmingc.ch\/it\/shop\/fardelli\/health-bundle-it\/\",\"name\":\"Set di salute - CharmingC - Bio CBD \u00d6l aus der Schweiz | Natural Wellness\",\"isPartOf\":{\"@id\":\"https:\/\/www.charmingc.ch\/#website\"},\"primaryImageOfPage\":{\"@id\":\"https:\/\/www.charmingc.ch\/it\/shop\/fardelli\/health-bundle-it\/#primaryimage\"},\"image\":{\"@id\":\"https:\/\/www.charmingc.ch\/it\/shop\/fardelli\/health-bundle-it\/#primaryimage\"},\"thumbnailUrl\":\"https:\/\/www.charmingc.ch\/wp-content\/uploads\/2023\/01\/CharmingC_Health_Bundle.jpg\",\"datePublished\":\"2023-01-08T15:22:31+00:00\",\"description\":\"Questo pacchetto salute e benessere comprende un olio di CBD al 10% a spettro completo e un integratore di curcumina per sostenere la salute e il benessere generale. L'olio di CBD \u00e8 derivato da una variet\u00e0 di piante di canapa per fornire uno spettro completo di cannabinoidi, terpeni e altri composti vegetali benefici. La curcumina, un composto chiave presente nella curcuma, \u00e8 nota per le sue propriet\u00e0 antiossidanti e antinfiammatorie. Insieme, questi prodotti rappresentano un modo naturale per sostenere i processi naturali di guarigione dell'organismo e mantenere una salute ottimale.\",\"breadcrumb\":{\"@id\":\"https:\/\/www.charmingc.ch\/it\/shop\/fardelli\/health-bundle-it\/#breadcrumb\"},\"inLanguage\":\"it-IT\",\"potentialAction\":[{\"@type\":\"ReadAction\",\"target\":[\"https:\/\/www.charmingc.ch\/it\/shop\/fardelli\/health-bundle-it\/\"]}]},{\"@type\":\"ImageObject\",\"inLanguage\":\"it-IT\",\"@id\":\"https:\/\/www.charmingc.ch\/it\/shop\/fardelli\/health-bundle-it\/#primaryimage\",\"url\":\"https:\/\/www.charmingc.ch\/wp-content\/uploads\/2023\/01\/CharmingC_Health_Bundle.jpg\",\"contentUrl\":\"https:\/\/www.charmingc.ch\/wp-content\/uploads\/2023\/01\/CharmingC_Health_Bundle.jpg\",\"width\":600,\"height\":600,\"caption\":\"Support your overall health and well-being with our bundle featuring a 10% CBD oil full spectrum and a curcumin supplement. These natural products work together to promote natural healing and optimal health.\"},{\"@type\":\"BreadcrumbList\",\"@id\":\"https:\/\/www.charmingc.ch\/it\/shop\/fardelli\/health-bundle-it\/#breadcrumb\",\"itemListElement\":[{\"@type\":\"ListItem\",\"position\":1,\"name\":\"Home\",\"item\":\"https:\/\/www.charmingc.ch\/\"},{\"@type\":\"ListItem\",\"position\":2,\"name\":\"Shop\",\"item\":\"https:\/\/www.charmingc.ch\/shop\/\"},{\"@type\":\"ListItem\",\"position\":3,\"name\":\"Set di salute\"}]},{\"@type\":\"WebSite\",\"@id\":\"https:\/\/www.charmingc.ch\/#website\",\"url\":\"https:\/\/www.charmingc.ch\/\",\"name\":\"CharmingC CBD\",\"description\":\"CBD \u00d6l 10% kaufen - Bio Full Spectrum | CharmingC Schweiz\",\"publisher\":{\"@id\":\"https:\/\/www.charmingc.ch\/#organization\"},\"potentialAction\":[{\"@type\":\"SearchAction\",\"target\":{\"@type\":\"EntryPoint\",\"urlTemplate\":\"https:\/\/www.charmingc.ch\/?s={search_term_string}\"},\"query-input\":{\"@type\":\"PropertyValueSpecification\",\"valueRequired\":true,\"valueName\":\"search_term_string\"}}],\"inLanguage\":\"it-IT\"},{\"@type\":\"Organization\",\"@id\":\"https:\/\/www.charmingc.ch\/#organization\",\"name\":\"CharmingC\",\"url\":\"https:\/\/www.charmingc.ch\/\",\"logo\":{\"@type\":\"ImageObject\",\"inLanguage\":\"it-IT\",\"@id\":\"https:\/\/www.charmingc.ch\/#\/schema\/logo\/image\/\",\"url\":\"https:\/\/www.charmingc.ch\/wp-content\/uploads\/2021\/03\/CCLogo_Gold.png\",\"contentUrl\":\"https:\/\/www.charmingc.ch\/wp-content\/uploads\/2021\/03\/CCLogo_Gold.png\",\"width\":1200,\"height\":1100,\"caption\":\"CharmingC\"},\"image\":{\"@id\":\"https:\/\/www.charmingc.ch\/#\/schema\/logo\/image\/\"},\"sameAs\":[\"https:\/\/web.facebook.com\/CharmingC-101024288710328\",\"https:\/\/x.com\/_CharmingC_\",\"https:\/\/www.instagram.com\/_charmingc_\/\",\"https:\/\/www.tiktok.com\/@charmingc.ch\"]}]}<\/script>\n<!-- \/ Yoast SEO plugin. -->","yoast_head_json":{"title":"Set di salute - CharmingC - Bio CBD \u00d6l aus der Schweiz | Natural Wellness","description":"Questo pacchetto salute e benessere comprende un olio di CBD al 10% a spettro completo e un integratore di curcumina per sostenere la salute e il benessere generale. L'olio di CBD \u00e8 derivato da una variet\u00e0 di piante di canapa per fornire uno spettro completo di cannabinoidi, terpeni e altri composti vegetali benefici. La curcumina, un composto chiave presente nella curcuma, \u00e8 nota per le sue propriet\u00e0 antiossidanti e antinfiammatorie. Insieme, questi prodotti rappresentano un modo naturale per sostenere i processi naturali di guarigione dell'organismo e mantenere una salute ottimale.","robots":{"index":"index","follow":"follow","max-snippet":"max-snippet:-1","max-image-preview":"max-image-preview:large","max-video-preview":"max-video-preview:-1"},"canonical":"https:\/\/www.charmingc.ch\/it\/shop\/fardelli\/health-bundle-it\/","og_locale":"it_IT","og_type":"article","og_title":"Set di salute - CharmingC - Bio CBD \u00d6l aus der Schweiz | Natural Wellness","og_description":"Questo pacchetto salute e benessere comprende un olio di CBD al 10% a spettro completo e un integratore di curcumina per sostenere la salute e il benessere generale. L'olio di CBD \u00e8 derivato da una variet\u00e0 di piante di canapa per fornire uno spettro completo di cannabinoidi, terpeni e altri composti vegetali benefici. La curcumina, un composto chiave presente nella curcuma, \u00e8 nota per le sue propriet\u00e0 antiossidanti e antinfiammatorie. Insieme, questi prodotti rappresentano un modo naturale per sostenere i processi naturali di guarigione dell'organismo e mantenere una salute ottimale.","og_url":"https:\/\/www.charmingc.ch\/it\/shop\/fardelli\/health-bundle-it\/","og_site_name":"CharmingC - Bio CBD \u00d6l aus der Schweiz | Natural Wellness","article_publisher":"https:\/\/web.facebook.com\/CharmingC-101024288710328","og_image":[{"width":600,"height":600,"url":"https:\/\/www.charmingc.ch\/wp-content\/uploads\/2023\/01\/CharmingC_Health_Bundle.jpg","type":"image\/jpeg"}],"twitter_card":"summary_large_image","twitter_site":"@_CharmingC_","twitter_misc":{"Tempo di lettura stimato":"2 minuti"},"schema":{"@context":"https:\/\/schema.org","@graph":[{"@type":"WebPage","@id":"https:\/\/www.charmingc.ch\/it\/shop\/fardelli\/health-bundle-it\/","url":"https:\/\/www.charmingc.ch\/it\/shop\/fardelli\/health-bundle-it\/","name":"Set di salute - CharmingC - Bio CBD \u00d6l aus der Schweiz | Natural Wellness","isPartOf":{"@id":"https:\/\/www.charmingc.ch\/#website"},"primaryImageOfPage":{"@id":"https:\/\/www.charmingc.ch\/it\/shop\/fardelli\/health-bundle-it\/#primaryimage"},"image":{"@id":"https:\/\/www.charmingc.ch\/it\/shop\/fardelli\/health-bundle-it\/#primaryimage"},"thumbnailUrl":"https:\/\/www.charmingc.ch\/wp-content\/uploads\/2023\/01\/CharmingC_Health_Bundle.jpg","datePublished":"2023-01-08T15:22:31+00:00","description":"Questo pacchetto salute e benessere comprende un olio di CBD al 10% a spettro completo e un integratore di curcumina per sostenere la salute e il benessere generale. L'olio di CBD \u00e8 derivato da una variet\u00e0 di piante di canapa per fornire uno spettro completo di cannabinoidi, terpeni e altri composti vegetali benefici. La curcumina, un composto chiave presente nella curcuma, \u00e8 nota per le sue propriet\u00e0 antiossidanti e antinfiammatorie. Insieme, questi prodotti rappresentano un modo naturale per sostenere i processi naturali di guarigione dell'organismo e mantenere una salute ottimale.","breadcrumb":{"@id":"https:\/\/www.charmingc.ch\/it\/shop\/fardelli\/health-bundle-it\/#breadcrumb"},"inLanguage":"it-IT","potentialAction":[{"@type":"ReadAction","target":["https:\/\/www.charmingc.ch\/it\/shop\/fardelli\/health-bundle-it\/"]}]},{"@type":"ImageObject","inLanguage":"it-IT","@id":"https:\/\/www.charmingc.ch\/it\/shop\/fardelli\/health-bundle-it\/#primaryimage","url":"https:\/\/www.charmingc.ch\/wp-content\/uploads\/2023\/01\/CharmingC_Health_Bundle.jpg","contentUrl":"https:\/\/www.charmingc.ch\/wp-content\/uploads\/2023\/01\/CharmingC_Health_Bundle.jpg","width":600,"height":600,"caption":"Support your overall health and well-being with our bundle featuring a 10% CBD oil full spectrum and a curcumin supplement. These natural products work together to promote natural healing and optimal health."},{"@type":"BreadcrumbList","@id":"https:\/\/www.charmingc.ch\/it\/shop\/fardelli\/health-bundle-it\/#breadcrumb","itemListElement":[{"@type":"ListItem","position":1,"name":"Home","item":"https:\/\/www.charmingc.ch\/"},{"@type":"ListItem","position":2,"name":"Shop","item":"https:\/\/www.charmingc.ch\/shop\/"},{"@type":"ListItem","position":3,"name":"Set di salute"}]},{"@type":"WebSite","@id":"https:\/\/www.charmingc.ch\/#website","url":"https:\/\/www.charmingc.ch\/","name":"CharmingC CBD","description":"CBD \u00d6l 10% kaufen - Bio Full Spectrum | CharmingC Schweiz","publisher":{"@id":"https:\/\/www.charmingc.ch\/#organization"},"potentialAction":[{"@type":"SearchAction","target":{"@type":"EntryPoint","urlTemplate":"https:\/\/www.charmingc.ch\/?s={search_term_string}"},"query-input":{"@type":"PropertyValueSpecification","valueRequired":true,"valueName":"search_term_string"}}],"inLanguage":"it-IT"},{"@type":"Organization","@id":"https:\/\/www.charmingc.ch\/#organization","name":"CharmingC","url":"https:\/\/www.charmingc.ch\/","logo":{"@type":"ImageObject","inLanguage":"it-IT","@id":"https:\/\/www.charmingc.ch\/#\/schema\/logo\/image\/","url":"https:\/\/www.charmingc.ch\/wp-content\/uploads\/2021\/03\/CCLogo_Gold.png","contentUrl":"https:\/\/www.charmingc.ch\/wp-content\/uploads\/2021\/03\/CCLogo_Gold.png","width":1200,"height":1100,"caption":"CharmingC"},"image":{"@id":"https:\/\/www.charmingc.ch\/#\/schema\/logo\/image\/"},"sameAs":["https:\/\/web.facebook.com\/CharmingC-101024288710328","https:\/\/x.com\/_CharmingC_","https:\/\/www.instagram.com\/_charmingc_\/","https:\/\/www.tiktok.com\/@charmingc.ch"]}]}},"_links":{"self":[{"href":"https:\/\/www.charmingc.ch\/it\/wp-json\/wp\/v2\/product\/4603","targetHints":{"allow":["GET"]}}],"collection":[{"href":"https:\/\/www.charmingc.ch\/it\/wp-json\/wp\/v2\/product"}],"about":[{"href":"https:\/\/www.charmingc.ch\/it\/wp-json\/wp\/v2\/types\/product"}],"replies":[{"embeddable":true,"href":"https:\/\/www.charmingc.ch\/it\/wp-json\/wp\/v2\/comments?post=4603"}],"wp:featuredmedia":[{"embeddable":true,"href":"https:\/\/www.charmingc.ch\/it\/wp-json\/wp\/v2\/media\/4600"}],"wp:attachment":[{"href":"https:\/\/www.charmingc.ch\/it\/wp-json\/wp\/v2\/media?parent=4603"}],"wp:term":[{"taxonomy":"product_brand","embeddable":true,"href":"https:\/\/www.charmingc.ch\/it\/wp-json\/wp\/v2\/product_brand?post=4603"},{"taxonomy":"product_cat","embeddable":true,"href":"https:\/\/www.charmingc.ch\/it\/wp-json\/wp\/v2\/product_cat?post=4603"},{"taxonomy":"product_tag","embeddable":true,"href":"https:\/\/www.charmingc.ch\/it\/wp-json\/wp\/v2\/product_tag?post=4603"}],"curies":[{"name":"wp","href":"https:\/\/api.w.org\/{rel}","templated":true}]}}